{"id":1011,"date":"2025-06-14T04:10:34","date_gmt":"2025-06-14T04:10:34","guid":{"rendered":"https:\/\/www.simoosourcing.com\/?page_id=1011"},"modified":"2025-06-14T04:10:38","modified_gmt":"2025-06-14T04:10:38","slug":"amazon-fba-order-of-cable-adapters-to-the-uk","status":"publish","type":"page","link":"https:\/\/www.simoosourcing.com\/es\/amazon-fba-order-of-cable-adapters-to-the-uk\/","title":{"rendered":"Estudio de caso: C\u00f3mo Simoosourcing entreg\u00f3 un pedido de adaptadores de cable de Amazon FBA al Reino Unido sin complicaciones"},"content":{"rendered":"<p>Gesti\u00f3n de un <strong>Negocio Amazon FBA<\/strong> no es moco de pavo, sobre todo cuando se trata de abastecerse de productos en el extranjero, realizar inspecciones de calidad y garantizar una entrega sin problemas en los almacenes de Amazon. Un paso en falso puede costarle al vendedor tiempo, dinero y cr\u00edticas negativas.<\/p>\n\n\n\n<p>Precisamente por eso los vendedores inteligentes de Amazon recurren a profesionales <strong><a href=\"https:\/\/www.simoosourcing.com\/es\/\" data-type=\"link\" data-id=\"simoosourcing.com\">agentes de compras en China<\/a><\/strong> como <strong>Simoosourcing<\/strong>.<\/p>\n\n\n\n<p>En este caso pr\u00e1ctico, le explicaremos c\u00f3mo Simoosourcing gestion\u00f3 un proceso completo de aprovisionamiento y entrega para un vendedor de Amazon en el Reino Unido que necesitaba importar un producto de marca personalizada. <strong>adaptador de cable<\/strong> para FBA. <\/p>\n\n\n\n<figure class=\"wp-block-image size-full\"><img fetchpriority=\"high\" decoding=\"async\" width=\"754\" height=\"964\" src=\"https:\/\/www.simoosourcing.com\/wp-content\/uploads\/2025\/06\/Screen-Shot-2025-06-14-at-12.09.14.png\" alt=\"cable adapter\" class=\"wp-image-1013\" srcset=\"https:\/\/www.simoosourcing.com\/wp-content\/uploads\/2025\/06\/Screen-Shot-2025-06-14-at-12.09.14.png 754w, https:\/\/www.simoosourcing.com\/wp-content\/uploads\/2025\/06\/Screen-Shot-2025-06-14-at-12.09.14-235x300.png 235w\" sizes=\"(max-width: 754px) 100vw, 754px\" \/><\/figure>\n\n\n\n<p>Desde la selecci\u00f3n de proveedores y el control de calidad hasta el embalaje conforme a las normas de Amazon y el env\u00edo directo a los almacenes del Reino Unido, Simosourcing se encarg\u00f3 de todo.<\/p>\n\n\n\n<p><strong>Lea esta rese\u00f1a antes de comprar<\/strong>-porque esta historia demuestra lo esencial que puede ser un socio de abastecimiento fiable para su negocio en Amazon.<\/p>\n\n\n\n<div class=\"wp-block-rank-math-toc-block\" id=\"rank-math-toc\"><h2>\u00cdndice<\/h2><nav><ul><li><a href=\"#client-overview\">Visi\u00f3n general del cliente<\/a><\/li><li><a href=\"#step-1-sourcing-the-right-manufacturer\">Paso 1: Buscar el fabricante adecuado<\/a><\/li><li><a href=\"#step-2-product-sampling-and-quality-confirmation\">Paso 2: Muestreo de productos y confirmaci\u00f3n de la calidad<\/a><\/li><li><a href=\"#step-3-production-management-and-on-site-qc\">Paso 3: Gesti\u00f3n de la producci\u00f3n y control de calidad in situ<\/a><\/li><li><a href=\"#step-4-amazon-fba-prep-and-packaging\">Paso 4: Preparaci\u00f3n y embalaje de Amazon FBA<\/a><\/li><li><a href=\"#step-5-shipping-and-delivery-to-amazon-uk-warehouse\">Paso 5: Env\u00edo y entrega en el almac\u00e9n de Amazon Espa\u00f1a<\/a><\/li><li><a href=\"#results-client-feedback\">Resultados y comentarios de los clientes<\/a><\/li><li><a href=\"#conclusion\">Conclusi\u00f3n<\/a><\/li><li><a href=\"#fa-qs-about-amazon-fba\">Preguntas frecuentes sobre Amazon Fba<\/a><\/li><\/ul><\/nav><\/div>\n\n\n\n<h2 class=\"wp-block-heading\" id=\"client-overview\"><strong>Visi\u00f3n general del cliente<\/strong><\/h2>\n\n\n\n<ul class=\"wp-block-list\">\n<li><strong>Cliente<\/strong>: Vendedor de Amazon FBA en el Reino Unido<\/li>\n\n\n\n<li><strong>Producto<\/strong>: Adaptador de cable USB-C a HDMI<\/li>\n\n\n\n<li><strong>Mercado destinatario<\/strong>: Clientes del Reino Unido y la UE<\/li>\n\n\n\n<li><strong>Canal de ventas<\/strong>: Amazon Espa\u00f1a a trav\u00e9s de FBA<\/li>\n\n\n\n<li><strong>Objetivo<\/strong>: Lanzamiento de un adaptador de cable de marca propia y alta calidad optimizado para pantallas 4K con marca y embalaje personalizados.<\/li>\n<\/ul>\n\n\n\n<h2 class=\"wp-block-heading\" id=\"step-1-sourcing-the-right-manufacturer\"><strong>Paso 1: Buscar el fabricante adecuado<\/strong><\/h2>\n\n\n\n<p>El cliente se puso en contacto con <strong>Simoosourcing<\/strong> con un concepto de producto y unas expectativas de calidad. El objetivo era encontrar un <strong>adaptador de cable premium<\/strong> que cumpl\u00edan las normas CE y RoHS, ven\u00edan en embalajes ecol\u00f3gicos y pod\u00edan entregarse directamente en los almacenes FBA de Amazon en el Reino Unido.<\/p>\n\n\n\n<p>Simoosourcing manejado:<\/p>\n\n\n\n<ul class=\"wp-block-list\">\n<li>Preselecci\u00f3n de proveedores: Inicialmente se consideraron 6 fabricantes<\/li>\n\n\n\n<li>Recogida y comparaci\u00f3n de muestras<\/li>\n\n\n\n<li>Verificaci\u00f3n en f\u00e1brica y comprobaci\u00f3n de antecedentes<\/li>\n\n\n\n<li>Negociaci\u00f3n de precios para ajustarse al presupuesto del cliente<\/li>\n<\/ul>\n\n\n\n<p>Tras un minucioso proceso de selecci\u00f3n, Simoosourcing eligi\u00f3 a un fabricante de productos electr\u00f3nicos de Shenzhen con m\u00e1s de 10 a\u00f1os de experiencia en la producci\u00f3n de adaptadores y accesorios audiovisuales para los mercados europeos.<\/p>\n\n\n\n<h2 class=\"wp-block-heading\" id=\"step-2-product-sampling-and-quality-confirmation\"><strong>Paso 2: Muestreo de productos y confirmaci\u00f3n de la calidad<\/strong><\/h2>\n\n\n\n<figure class=\"wp-block-image size-full\"><img decoding=\"async\" width=\"748\" height=\"728\" src=\"https:\/\/www.simoosourcing.com\/wp-content\/uploads\/2025\/06\/Screen-Shot-2025-06-14-at-12.09.06.png\" alt=\"\" class=\"wp-image-1014\" srcset=\"https:\/\/www.simoosourcing.com\/wp-content\/uploads\/2025\/06\/Screen-Shot-2025-06-14-at-12.09.06.png 748w, https:\/\/www.simoosourcing.com\/wp-content\/uploads\/2025\/06\/Screen-Shot-2025-06-14-at-12.09.06-300x292.png 300w\" sizes=\"(max-width: 748px) 100vw, 748px\" \/><\/figure>\n\n\n\n<p>Una vez confirmado el proveedor, se enviaron muestras al equipo de inspecci\u00f3n de Simoosourcing para su evaluaci\u00f3n interna antes de remitirlas al cliente en el Reino Unido.<\/p>\n\n\n\n<p>Inspecci\u00f3n incluida:<\/p>\n\n\n\n<ul class=\"wp-block-list\">\n<li>Pruebas funcionales (salida de resoluci\u00f3n 4K y compatibilidad con varios dispositivos)<\/li>\n\n\n\n<li>Calidad de construcci\u00f3n (durabilidad, acabado del conector, integridad de la soldadura)<\/li>\n\n\n\n<li>Precisi\u00f3n de marca (impresi\u00f3n del logotipo en el cable y el embalaje)<\/li>\n\n\n\n<li>Verificaci\u00f3n de la documentaci\u00f3n CE y RoHS<\/li>\n<\/ul>\n\n\n\n<p>El cliente aprob\u00f3 la muestra final en dos semanas. No fue necesaria ninguna revisi\u00f3n, gracias a la clara orientaci\u00f3n previa a la muestra que Simoosourcing dio a la f\u00e1brica.<\/p>\n\n\n\n<h2 class=\"wp-block-heading\" id=\"step-3-production-management-and-on-site-qc\"><strong>Paso 3: Gesti\u00f3n de la producci\u00f3n y control de calidad in situ<\/strong><\/h2>\n\n\n\n<p>Una vez confirmada la orden de compra, Simoosourcing se encarg\u00f3 de gestionar la producci\u00f3n. A lo largo del ciclo de fabricaci\u00f3n de 18 d\u00edas:<\/p>\n\n\n\n<ul class=\"wp-block-list\">\n<li>Supervisi\u00f3n de los programas de producci\u00f3n para garantizar la puntualidad de las entregas.<\/li>\n\n\n\n<li>Actualizaci\u00f3n peri\u00f3dica de fotos y v\u00eddeos para el cliente<\/li>\n\n\n\n<li>Llev\u00f3 a cabo una <strong>inspecci\u00f3n de calidad de lotes completos<\/strong> utilizando normas AQL<\/li>\n\n\n\n<li>Verificaci\u00f3n de que el embalaje cumpl\u00eda los requisitos del FBA de Amazon (colocaci\u00f3n del c\u00f3digo de barras, etiquetado, embolsado y etiquetas de advertencia).<\/li>\n<\/ul>\n\n\n\n<p>Cualquier defecto menor (menos de 1%) se corrigi\u00f3 antes del env\u00edo. El cliente recibi\u00f3 un <strong>Informe de control de calidad con im\u00e1genes y resultados de las pruebas<\/strong> para cada lote.<\/p>\n\n\n\n<h2 class=\"wp-block-heading\" id=\"step-4-amazon-fba-prep-and-packaging\"><strong>Paso 4: Preparaci\u00f3n y embalaje de Amazon FBA<\/strong><\/h2>\n\n\n\n<p>Simoosourcing coordin\u00f3 la preparaci\u00f3n de FBA bas\u00e1ndose en las estrictas directrices de Amazon UK:<\/p>\n\n\n\n<ul class=\"wp-block-list\">\n<li>Etiquetado de cada producto con c\u00f3digos de barras FNSKU<\/li>\n\n\n\n<li>Pegatinas de \u201cadvertencia de asfixia\u201d en los sacos de polietileno<\/li>\n\n\n\n<li>Asegurarse de que el tama\u00f1o y el peso de los envases se ajustaban a la normativa para evitar recargos.<\/li>\n\n\n\n<li>Embalaje de las mercanc\u00edas en cajas maestras con el cart\u00f3n adecuado <a href=\"http:\/\/amazon.com\" target=\"_blank\" rel=\"noopener\">etiquetado para FBA<\/a><\/li>\n\n\n\n<li>Compartimos el plan de env\u00edo y los detalles de seguimiento con el cliente a trav\u00e9s de Seller Central<\/li>\n<\/ul>\n\n\n\n<p>Esta preparaci\u00f3n lista para FBA <strong>ahorr\u00f3 al cliente cientos de euros en gastos de preparaci\u00f3n de terceros<\/strong> y garantiz\u00f3 100% el cumplimiento de las normas de Amazon.<\/p>\n\n\n\n<h2 class=\"wp-block-heading\" id=\"step-5-shipping-and-delivery-to-amazon-uk-warehouse\"><strong>Paso 5: Env\u00edo y entrega en el almac\u00e9n de Amazon Espa\u00f1a<\/strong><\/h2>\n\n\n\n<p>Simoosourcing gestionado <strong>log\u00edstica integral<\/strong>, incluyendo:<\/p>\n\n\n\n<ul class=\"wp-block-list\">\n<li>Reserva de flete mediante env\u00edo a\u00e9reo DDP (Delivered Duty Paid)<\/li>\n\n\n\n<li>Despacho de aduanas en el Reino Unido<\/li>\n\n\n\n<li>Entrega directa en dos centros de cumplimiento FBA de Amazon UK<\/li>\n<\/ul>\n\n\n\n<p>El tiempo total de entrega desde China hasta el almac\u00e9n de Amazon en el Reino Unido fue de tan solo <strong>8 d\u00edas laborables<\/strong>. Todo el proceso era rastreable y el cliente recib\u00eda actualizaciones por correo electr\u00f3nico en cada etapa.<\/p>\n\n\n\n<h2 class=\"wp-block-heading\" id=\"results-client-feedback\"><strong>Resultados y comentarios de los clientes<\/strong><\/h2>\n\n\n\n<ul class=\"wp-block-list\">\n<li><strong>Producto lanzado en Amazon en 30 d\u00edas<\/strong> de contacto inicial con Simoosourcing<\/li>\n\n\n\n<li>Conseguido <strong>Puntuaci\u00f3n media de 4,8 estrellas<\/strong> en el primer mes de ventas<\/li>\n\n\n\n<li>No hay opiniones negativas sobre la calidad del producto o el embalaje<\/li>\n\n\n\n<li>Mayor confianza y planes de expansi\u00f3n a otros mercados de la UE con el apoyo de Simoosourcing.<\/li>\n<\/ul>\n\n\n\n<p><strong>Testimonio de un cliente<\/strong>:<br><em>\u201cSimoosourcing facilit\u00f3 todo el proceso. He trabajado con varios agentes antes, pero ninguno me ha proporcionado este nivel de servicio pr\u00e1ctico y profesionalidad. Desde los controles de calidad hasta las normas de Amazon FBA, lo gestionaron todo a la perfecci\u00f3n. Muy recomendable\u201d.\u201d<\/em><\/p>\n\n\n\n<h2 class=\"wp-block-heading\" id=\"conclusion\"><strong>Conclusi\u00f3n<\/strong><\/h2>\n\n\n\n<p>Si eres un <strong>Vendedor de Amazon FBA<\/strong> que desee importar productos electr\u00f3nicos, accesorios o cualquier producto de marca propia de China, <strong>Simoosourcing cambia las reglas del juego<\/strong>. Su servicio integral -desde la b\u00fasqueda de proveedores hasta la entrega en la puerta de Amazon- elimina todo el estr\u00e9s y la incertidumbre del comercio internacional.<\/p>\n\n\n\n<p>As\u00ed que antes de hacer su pr\u00f3ximo pedido, <strong>lea esta rese\u00f1a antes de comprar<\/strong>, y considere la posibilidad de trabajar con Simoosourcing para agilizar su proceso y ampliar su marca con mayor rapidez.<\/p>\n\n\n\n<h2 class=\"wp-block-heading\" id=\"fa-qs-about-amazon-fba\"><strong>Preguntas frecuentes<\/strong> Acerca de Amazon Fba<\/h2>\n\n\n\n<p><strong>1. \u00bfPuede Simoosourcing ayudar con la preparaci\u00f3n FBA para otros mercados de Amazon?<\/strong><br>S\u00ed, son compatibles con Amazon US, UK, DE, CA y m\u00e1s. Est\u00e1n familiarizados con las reglas de FBA a nivel mundial.<\/p>\n\n\n\n<p><strong>2. \u00bfS\u00f3lo funcionan con aparatos electr\u00f3nicos?<\/strong><br>No. Se abastecen de todo, desde ropa y art\u00edculos para el hogar hasta productos para mascotas y herramientas.<\/p>\n\n\n\n<p><strong>3. \u00bfCu\u00e1l es su estructura de tarifas?<\/strong><br>Simoosourcing cobra una tarifa de servicio transparente basada en el valor del pedido. Sin costes ocultos.<\/p>\n\n\n\n<p><strong>4. Con qu\u00e9 rapidez puedo recibir productos en un centro de Amazon FBA?<\/strong><br>El plazo de entrega habitual es de 25-40 d\u00edas, dependiendo de la complejidad del producto y del m\u00e9todo de env\u00edo.<\/p>\n\n\n\n<p><strong>5. \u00bfOfrecen inspecciones de calidad?<\/strong><br>Por supuesto. Cada pedido pasa por un exhaustivo proceso de control de calidad basado en sus criterios.<\/p>","protected":false},"excerpt":{"rendered":"<p>Managing an Amazon FBA business is no small feat\u2014especially when it comes to sourcing products from overseas, handling quality inspections, and ensuring smooth delivery to Amazon warehouses. One misstep can cost a seller time, money, and negative reviews. That\u2019s exactly why smart Amazon sellers are turning to professional sourcing agents in China like Simoosourcing. In&#8230;<\/p>","protected":false},"author":1,"featured_media":1013,"parent":0,"menu_order":0,"comment_status":"closed","ping_status":"closed","template":"","meta":{"_kad_post_transparent":"","_kad_post_title":"","_kad_post_layout":"","_kad_post_sidebar_id":"","_kad_post_content_style":"","_kad_post_vertical_padding":"","_kad_post_feature":"","_kad_post_feature_position":"","_kad_post_header":false,"_kad_post_footer":false,"_kad_post_classname":"","footnotes":""},"class_list":["post-1011","page","type-page","status-publish","has-post-thumbnail","hentry"],"_links":{"self":[{"href":"https:\/\/www.simoosourcing.com\/es\/wp-json\/wp\/v2\/pages\/1011","targetHints":{"allow":["GET"]}}],"collection":[{"href":"https:\/\/www.simoosourcing.com\/es\/wp-json\/wp\/v2\/pages"}],"about":[{"href":"https:\/\/www.simoosourcing.com\/es\/wp-json\/wp\/v2\/types\/page"}],"author":[{"embeddable":true,"href":"https:\/\/www.simoosourcing.com\/es\/wp-json\/wp\/v2\/users\/1"}],"replies":[{"embeddable":true,"href":"https:\/\/www.simoosourcing.com\/es\/wp-json\/wp\/v2\/comments?post=1011"}],"version-history":[{"count":2,"href":"https:\/\/www.simoosourcing.com\/es\/wp-json\/wp\/v2\/pages\/1011\/revisions"}],"predecessor-version":[{"id":1015,"href":"https:\/\/www.simoosourcing.com\/es\/wp-json\/wp\/v2\/pages\/1011\/revisions\/1015"}],"wp:featuredmedia":[{"embeddable":true,"href":"https:\/\/www.simoosourcing.com\/es\/wp-json\/wp\/v2\/media\/1013"}],"wp:attachment":[{"href":"https:\/\/www.simoosourcing.com\/es\/wp-json\/wp\/v2\/media?parent=1011"}],"curies":[{"name":"wp","href":"https:\/\/api.w.org\/{rel}","templated":true}]}}