{"id":15,"date":"2025-05-12T16:07:05","date_gmt":"2025-05-12T16:07:05","guid":{"rendered":"https:\/\/www.simoosourcing.com\/?page_id=15"},"modified":"2025-05-20T19:14:34","modified_gmt":"2025-05-20T19:14:34","slug":"case-studies","status":"publish","type":"page","link":"https:\/\/www.simoosourcing.com\/es\/case-studies\/","title":{"rendered":"Casos"},"content":{"rendered":"<div data-elementor-type=\"wp-page\" data-elementor-id=\"15\" class=\"elementor elementor-15\">\n\t\t\t\t<div class=\"elementor-element elementor-element-61fb155d e-flex e-con-boxed e-con e-parent\" data-id=\"61fb155d\" data-element_type=\"container\" data-settings=\"{&quot;background_background&quot;:&quot;classic&quot;}\">\n\t\t\t\t\t<div class=\"e-con-inner\">\n\t\t\t\t<div class=\"elementor-element elementor-element-583aa1df elementor-widget elementor-widget-elementskit-heading\" data-id=\"583aa1df\" data-element_type=\"widget\" data-widget_type=\"elementskit-heading.default\">\n\t\t\t\t<div class=\"elementor-widget-container\">\n\t\t\t\t\t<div class=\"ekit-wid-con\" ><div class=\"ekit-heading elementskit-section-title-wraper text_center   ekit_heading_tablet-   ekit_heading_mobile-\">\t\t\t\t<span class='ekit-heading__shadow-text'>\n\t\t\t\t\tSimooSourcing\t\t\t\t<\/span>\n\t\t\t<h2 class=\"ekit-heading--title elementskit-section-title\">Productos personalizados para nuestros clientes <\/h2>\t\t\t\t<div class='ekit-heading__description'>\n\t\t\t\t\t<p>Personalizamos con \u00e9xito muchos tipos de productos para nuestros clientes habituales, que quedaron muy satisfechos con la artesan\u00eda y la atenci\u00f3n a los detalles.<\/p>\n\t\t\t\t<\/div>\n\t\t\t<\/div><\/div>\t\t\t\t<\/div>\n\t\t\t\t<\/div>\n\t\t\t\t<div class=\"elementor-element elementor-element-2212face ekit-image-accordion-hover elementor-widget__width-inherit ekit-image-accordion-horizontal elementor-widget elementor-widget-elementskit-image-accordion\" data-id=\"2212face\" data-element_type=\"widget\" data-widget_type=\"elementskit-image-accordion.default\">\n\t\t\t\t<div class=\"elementor-widget-container\">\n\t\t\t\t\t<div class=\"ekit-wid-con\" >\t\t<div class=\"ekit-image-accordion elementskit-image-accordion-wraper\">\n\t\t\t                <input type=\"radio\" name=\"ekit_ia_2212face\" id=\"ekit_ia_2212face_0\" class=\"elementskit-single-image-accordion--input\" hidden>\n                <label for=\"ekit_ia_2212face_0\" class=\"elementskit-single-image-accordion ekit-image-accordion-item\" style=\"background-image: url(https:\/\/www.simoosourcing.com\/wp-content\/uploads\/2025\/05\/Screen-Shot-2025-05-21-at-02.56.59.png)\">\n                    <span class=\"elementskit-accordion-content\">\n\t\t\t\t\t\t\t\t\t\t\t\t\t<span class=\"elementskit-accordion-title-wraper\">\n\t\t\t\t\t\t\t\t<span class=\"elementskit-accordion-title\">\n\t\t\t\t\t\t\t\t\n\t\t\t\t\t\t\t\tCable de carga superr\u00e1pida RBR 240W\n\t\t\t\t\t\t\t\t\t\t\t\t\t\t\t\t<\/span>\n\t\t\t\t\t\t\t<\/span>\n\t\t\t\t\t\t\t                    <\/span>\n                <\/label>\n                            <input type=\"radio\" name=\"ekit_ia_2212face\" id=\"ekit_ia_2212face_1\" class=\"elementskit-single-image-accordion--input\" hidden>\n                <label for=\"ekit_ia_2212face_1\" class=\"elementskit-single-image-accordion ekit-image-accordion-item\" style=\"background-image: url(https:\/\/www.simoosourcing.com\/wp-content\/uploads\/2025\/05\/Screen-Shot-2025-05-21-at-03.00.54.png)\">\n                    <span class=\"elementskit-accordion-content\">\n\t\t\t\t\t\t\t\t\t\t\t\t\t<span class=\"elementskit-accordion-title-wraper\">\n\t\t\t\t\t\t\t\t<span class=\"elementskit-accordion-title\">\n\t\t\t\t\t\t\t\t\n\t\t\t\t\t\t\t\tFibra de vidrio\n\t\t\t\t\t\t\t\t\t\t\t\t\t\t\t\t<\/span>\n\t\t\t\t\t\t\t<\/span>\n\t\t\t\t\t\t\t                    <\/span>\n                <\/label>\n                            <input type=\"radio\" name=\"ekit_ia_2212face\" id=\"ekit_ia_2212face_2\" class=\"elementskit-single-image-accordion--input\" checked=\"checked\" hidden>\n                <label for=\"ekit_ia_2212face_2\" class=\"elementskit-single-image-accordion ekit-image-accordion-item\" style=\"background-image: url(https:\/\/www.simoosourcing.com\/wp-content\/uploads\/2025\/05\/Screen-Shot-2025-05-21-at-03.07.42.png)\">\n                    <span class=\"elementskit-accordion-content\">\n\t\t\t\t\t\t\t\t\t\t\t\t\t<span class=\"elementskit-accordion-title-wraper\">\n\t\t\t\t\t\t\t\t<span class=\"elementskit-accordion-title\">\n\t\t\t\t\t\t\t\t\n\t\t\t\t\t\t\t\tAgua embotellada\n\t\t\t\t\t\t\t\t\t\t\t\t\t\t\t\t<\/span>\n\t\t\t\t\t\t\t<\/span>\n\t\t\t\t\t\t\t                    <\/span>\n                <\/label>\n                            <input type=\"radio\" name=\"ekit_ia_2212face\" id=\"ekit_ia_2212face_3\" class=\"elementskit-single-image-accordion--input\" hidden>\n                <label for=\"ekit_ia_2212face_3\" class=\"elementskit-single-image-accordion ekit-image-accordion-item\" style=\"background-image: url(https:\/\/www.simoosourcing.com\/wp-content\/uploads\/2025\/05\/Screen-Shot-2025-05-21-at-03.06.04.png)\">\n                    <span class=\"elementskit-accordion-content\">\n\t\t\t\t\t\t\t\t\t\t\t\t\t<span class=\"elementskit-accordion-title-wraper\">\n\t\t\t\t\t\t\t\t<span class=\"elementskit-accordion-title\">\n\t\t\t\t\t\t\t\t\n\t\t\t\t\t\t\t\tBolso\n\t\t\t\t\t\t\t\t\t\t\t\t\t\t\t\t<\/span>\n\t\t\t\t\t\t\t<\/span>\n\t\t\t\t\t\t\t                    <\/span>\n                <\/label>\n                    <\/div>\n    <\/div>\t\t\t\t<\/div>\n\t\t\t\t<\/div>\n\t\t\t\t\t<\/div>\n\t\t\t\t<\/div>\n\t\t<div class=\"elementor-element elementor-element-505c0d69 e-flex e-con-boxed e-con e-parent\" data-id=\"505c0d69\" data-element_type=\"container\" id=\"xs_client_4\" data-settings=\"{&quot;background_background&quot;:&quot;classic&quot;}\">\n\t\t\t\t\t<div class=\"e-con-inner\">\n\t\t\t\t<div class=\"elementor-element elementor-element-168b1a73 elementor-widget elementor-widget-elementskit-heading\" data-id=\"168b1a73\" data-element_type=\"widget\" data-widget_type=\"elementskit-heading.default\">\n\t\t\t\t<div class=\"elementor-widget-container\">\n\t\t\t\t\t<div class=\"ekit-wid-con\" ><div class=\"ekit-heading elementskit-section-title-wraper center   ekit_heading_tablet-   ekit_heading_mobile-\"><h2 class=\"ekit-heading--title elementskit-section-title\">Destacado en<\/h2><\/div><\/div>\t\t\t\t<\/div>\n\t\t\t\t<\/div>\n\t\t\t\t<div class=\"elementor-element elementor-element-30c2a331 elementor-widget elementor-widget-elementskit-client-logo\" data-id=\"30c2a331\" data-element_type=\"widget\" data-widget_type=\"elementskit-client-logo.default\">\n\t\t\t\t<div class=\"elementor-widget-container\">\n\t\t\t\t\t<div class=\"ekit-wid-con\" >\t\t<div class=\"elementskit-clients-slider slider-dotted arrow_inside dot_dotted hover_from_bottom banner_logo_image\" data-config=\"{&quot;rtl&quot;:true,&quot;arrows&quot;:true,&quot;dots&quot;:true,&quot;autoplay&quot;:true,&quot;speed&quot;:1000,&quot;slidesPerView&quot;:4,&quot;slidesPerGroup&quot;:1,&quot;pauseOnHover&quot;:true,&quot;loop&quot;:true,&quot;breakpoints&quot;:{&quot;320&quot;:{&quot;slidesPerView&quot;:1,&quot;slidesPerGroup&quot;:1,&quot;spaceBetween&quot;:10},&quot;768&quot;:{&quot;slidesPerView&quot;:2,&quot;slidesPerGroup&quot;:1,&quot;spaceBetween&quot;:10},&quot;1024&quot;:{&quot;slidesPerView&quot;:4,&quot;slidesPerGroup&quot;:1,&quot;spaceBetween&quot;:15}}}\" data-direction=\"hover_from_bottom\">\n\t\t\t<div class=\"ekit-main-swiper swiper\">\n\t\t\t\t<div class=\"swiper-wrapper\">\n\t\t\t\t\t\t\t\t\t\t\t<div class=\"elementskit-client-slider-item swiper-slide\">\n\t\t\t\t\t\t\t<div class=\"swiper-slide-inner\">\n\t\t\t\t\t\t\t\t<div class=\"single-client image-switcher\" title=\"alibaba\">\n\t\t\t\t\t\t\t\t\t\t\t\t\t\t\t\t\t\t\t<div class=\"content-image\">\n\t\t\t\t\t\t\t\t\t\t\t<img decoding=\"async\" width=\"200\" height=\"69\" src=\"https:\/\/www.simoosourcing.com\/wp-content\/uploads\/2025\/05\/alibaba.webp\" class=\"main-image\" alt=\"alibaba\" \/><img decoding=\"async\" width=\"200\" height=\"69\" src=\"https:\/\/www.simoosourcing.com\/wp-content\/uploads\/2025\/05\/alibaba.webp\" class=\"hover-image\" alt=\"alibaba\" \/>\t\t\t\t\t\t\t\t\t\t<\/div>\n\t\t\t\t\t\t\t\t\t\t\t\t\t\t\t\t\t<\/div>\n\t\t\t\t\t\t\t<\/div>\n\t\t\t\t\t\t<\/div>\n\t\t\t\t\t\t\t\t\t\t\t<div class=\"elementskit-client-slider-item swiper-slide\">\n\t\t\t\t\t\t\t<div class=\"swiper-slide-inner\">\n\t\t\t\t\t\t\t\t<div class=\"single-client image-switcher\" title=\"Hecho en China\">\n\t\t\t\t\t\t\t\t\t\t\t\t\t\t\t\t\t\t\t<div class=\"content-image\">\n\t\t\t\t\t\t\t\t\t\t\t<img decoding=\"async\" width=\"220\" height=\"89\" src=\"https:\/\/www.simoosourcing.com\/wp-content\/uploads\/2025\/05\/made-in-china.webp\" class=\"main-image\" alt=\"made-in-china\" \/><img loading=\"lazy\" decoding=\"async\" width=\"220\" height=\"89\" src=\"https:\/\/www.simoosourcing.com\/wp-content\/uploads\/2025\/05\/made-in-china.webp\" class=\"hover-image\" alt=\"made-in-china\" \/>\t\t\t\t\t\t\t\t\t\t<\/div>\n\t\t\t\t\t\t\t\t\t\t\t\t\t\t\t\t\t<\/div>\n\t\t\t\t\t\t\t<\/div>\n\t\t\t\t\t\t<\/div>\n\t\t\t\t\t\t\t\t\t\t\t<div class=\"elementskit-client-slider-item swiper-slide\">\n\t\t\t\t\t\t\t<div class=\"swiper-slide-inner\">\n\t\t\t\t\t\t\t\t<div class=\"single-client image-switcher\" title=\"T\u00edtulo #3\">\n\t\t\t\t\t\t\t\t\t\t\t\t\t\t\t\t\t\t\t<div class=\"content-image\">\n\t\t\t\t\t\t\t\t\t\t\t<img loading=\"lazy\" decoding=\"async\" width=\"220\" height=\"89\" src=\"https:\/\/www.simoosourcing.com\/wp-content\/uploads\/2025\/05\/aliexpress.webp\" class=\"main-image\" alt=\"aliexpress\" \/><img loading=\"lazy\" decoding=\"async\" width=\"220\" height=\"89\" src=\"https:\/\/www.simoosourcing.com\/wp-content\/uploads\/2025\/05\/aliexpress.webp\" class=\"hover-image\" alt=\"aliexpress\" \/>\t\t\t\t\t\t\t\t\t\t<\/div>\n\t\t\t\t\t\t\t\t\t\t\t\t\t\t\t\t\t<\/div>\n\t\t\t\t\t\t\t<\/div>\n\t\t\t\t\t\t<\/div>\n\t\t\t\t\t\t\t\t\t\t\t<div class=\"elementskit-client-slider-item swiper-slide\">\n\t\t\t\t\t\t\t<div class=\"swiper-slide-inner\">\n\t\t\t\t\t\t\t\t<div class=\"single-client image-switcher\" title=\"T\u00edtulo #4\">\n\t\t\t\t\t\t\t\t\t\t\t\t\t\t\t\t\t\t\t<div class=\"content-image\">\n\t\t\t\t\t\t\t\t\t\t\t<img loading=\"lazy\" decoding=\"async\" width=\"220\" height=\"89\" src=\"https:\/\/www.simoosourcing.com\/wp-content\/uploads\/2025\/05\/global-sources.webp\" class=\"main-image\" alt=\"global sources\" \/><img loading=\"lazy\" decoding=\"async\" width=\"220\" height=\"89\" src=\"https:\/\/www.simoosourcing.com\/wp-content\/uploads\/2025\/05\/global-sources.webp\" class=\"hover-image\" alt=\"global sources\" \/>\t\t\t\t\t\t\t\t\t\t<\/div>\n\t\t\t\t\t\t\t\t\t\t\t\t\t\t\t\t\t<\/div>\n\t\t\t\t\t\t\t<\/div>\n\t\t\t\t\t\t<\/div>\n\t\t\t\t\t\t\t\t\t<\/div>\n\n\t\t\t\t\t\t\t\t\t<div class=\"swiper-pagination\"><\/div>\n\t\t\t\t\n\t\t\t\t\t\t\t\t\t<div class=\"swiper-navigation-button swiper-button-prev\">\n\t\t\t\t\t\t<i aria-hidden=\"true\" class=\"icon icon-left-arrow\"><\/i>\t\t\t\t\t<\/div>\n\t\t\t\t\t<div class=\"swiper-navigation-button swiper-button-next\">\n\t\t\t\t\t\t<i aria-hidden=\"true\" class=\"icon icon-arrow-right\"><\/i>\t\t\t\t\t<\/div>\n\t\t\t\t\t\t\t<\/div><!-- .elementskit-clients-slider END -->\n\t\t<\/div>\n\t\t<\/div>\t\t\t\t<\/div>\n\t\t\t\t<\/div>\n\t\t\t\t\t<\/div>\n\t\t\t\t<\/div>\n\t\t<div class=\"elementor-element elementor-element-6ce58a46 e-flex e-con-boxed e-con e-parent\" data-id=\"6ce58a46\" data-element_type=\"container\">\n\t\t\t\t\t<div class=\"e-con-inner\">\n\t\t\t\t<div class=\"elementor-element elementor-element-53492f4c elementor-widget elementor-widget-contentviews_widget_grid1\" data-id=\"53492f4c\" data-element_type=\"widget\" data-widget_type=\"contentviews_widget_grid1.default\">\n\t\t\t\t<div class=\"elementor-widget-container\">\n\t\t\t\t\t<div class='pt-cv-wrapper'> <h1 class='pt-cv-heading-container heading1' data-blockid='53492f4c'><span class='pt-cv-heading'> Conocimientos sobre desarrollo de fuentes de suministro <\/span><\/h1><div class=\"pt-cv-view pt-cv-blockgrid iscvblock iscvelementor grid1 layout1\" id=\"pt-cv-view-53492f4c\"><div data-id=\"pt-cv-page-1\" class=\"pt-cv-page\" data-cvc=\"1\"><div class=\"pt-cv-content-item pt-cv-1-col\" ><div class=\"pt-cv-thumb-wrapper\"><a href=\"https:\/\/www.simoosourcing.com\/es\/what-are-lcl-and-fcl-complete-guide\/\" class=\"_self pt-cv-href-thumbnail pt-cv-thumb-default\" target=\"_self\" ><img loading=\"lazy\" decoding=\"async\" width=\"1024\" height=\"735\" src=\"https:\/\/www.simoosourcing.com\/wp-content\/uploads\/2025\/12\/Screen-Shot-2025-12-09-at-21.53.59-1024x735.png\" class=\"pt-cv-thumbnail\" alt=\"fcl\" \/><\/a><\/div>\n<h4 class=\"pt-cv-title\"><a href=\"https:\/\/www.simoosourcing.com\/es\/what-are-lcl-and-fcl-complete-guide\/\" class=\"_self\" target=\"_self\" >\u00bfQu\u00e9 son LCL y FCL? Gu\u00eda completa<\/a><\/h4>\n<div class=\"pt-cv-content\">Si se adentra en el mundo del transporte mar\u00edtimo internacional, los t\u00e9rminos FCL y LCL son dos de los primeros ...<\/div>\n<div class=\"pt-cv-rmwrap\"><a href=\"https:\/\/www.simoosourcing.com\/es\/what-are-lcl-and-fcl-complete-guide\/\" class=\"_self pt-cv-readmore btn btn-success\" target=\"_self\" >Leer m\u00e1s<\/a><\/div><\/div>\n<div class=\"pt-cv-content-item pt-cv-1-col\" ><div class=\"pt-cv-thumb-wrapper\"><a href=\"https:\/\/www.simoosourcing.com\/es\/fishing-rod-materials\/\" class=\"_self pt-cv-href-thumbnail pt-cv-thumb-default\" target=\"_self\" ><img loading=\"lazy\" decoding=\"async\" width=\"800\" height=\"800\" src=\"https:\/\/www.simoosourcing.com\/wp-content\/uploads\/2025\/12\/fishing-rod-materials.jpeg\" class=\"pt-cv-thumbnail\" alt=\"fishing-rod-materials\" \/><\/a><\/div>\n<h4 class=\"pt-cv-title\"><a href=\"https:\/\/www.simoosourcing.com\/es\/fishing-rod-materials\/\" class=\"_self\" target=\"_self\" >Materiales para ca\u00f1as de pescar - Gu\u00eda completa para la construcci\u00f3n de ca\u00f1as modernas<\/a><\/h4>\n<div class=\"pt-cv-content\">Las ca\u00f1as de pescar pueden parecer sencillas a primera vista, pero la magia de su funcionamiento reside en lo m\u00e1s profundo de sus materiales ...<\/div>\n<div class=\"pt-cv-rmwrap\"><a href=\"https:\/\/www.simoosourcing.com\/es\/fishing-rod-materials\/\" class=\"_self pt-cv-readmore btn btn-success\" target=\"_self\" >Leer m\u00e1s<\/a><\/div><\/div>\n<div class=\"pt-cv-content-item pt-cv-1-col\" ><div class=\"pt-cv-thumb-wrapper\"><a href=\"https:\/\/www.simoosourcing.com\/es\/7-common-types-of-plastic-bottles\/\" class=\"_self pt-cv-href-thumbnail pt-cv-thumb-default\" target=\"_self\" ><img loading=\"lazy\" decoding=\"async\" width=\"1024\" height=\"683\" src=\"https:\/\/www.simoosourcing.com\/wp-content\/uploads\/2025\/12\/Screen-Shot-2025-12-04-at-13.23.34-1024x683.png\" class=\"pt-cv-thumbnail\" alt=\"Plastic Bottles\" \/><\/a><\/div>\n<h4 class=\"pt-cv-title\"><a href=\"https:\/\/www.simoosourcing.com\/es\/7-common-types-of-plastic-bottles\/\" class=\"_self\" target=\"_self\" >Los 7 mejores tipos de botellas de pl\u00e1stico: Propiedades, usos, seguridad y reciclaje<\/a><\/h4>\n<div class=\"pt-cv-content\">Las botellas de pl\u00e1stico est\u00e1n por todas partes: en las estanter\u00edas de las tiendas, en nuestros frigor\u00edficos, tiradas en los contenedores de reciclaje y, por desgracia, incluso en los oc\u00e9anos y vertederos ...<\/div>\n<div class=\"pt-cv-rmwrap\"><a href=\"https:\/\/www.simoosourcing.com\/es\/7-common-types-of-plastic-bottles\/\" class=\"_self pt-cv-readmore btn btn-success\" target=\"_self\" >Leer m\u00e1s<\/a><\/div><\/div><\/div><\/div> <\/div> \t\t\t\t<\/div>\n\t\t\t\t<\/div>\n\t\t\t\t\t<\/div>\n\t\t\t\t<\/div>\n\t\t\t\t<\/div>","protected":false},"excerpt":{"rendered":"<p>SimooSourcing Customize Products For Our Customers We successfully customized many kinds of products for our regular clients, who were highly satisfied with the craftsmanship and attention to details. RBR 240W Super Fast&#8230;<\/p>","protected":false},"author":1,"featured_media":0,"parent":0,"menu_order":0,"comment_status":"closed","ping_status":"closed","template":"","meta":{"_kad_post_transparent":"","_kad_post_title":"hide","_kad_post_layout":"fullwidth","_kad_post_sidebar_id":"","_kad_post_content_style":"unboxed","_kad_post_vertical_padding":"hide","_kad_post_feature":"hide","_kad_post_feature_position":"","_kad_post_header":false,"_kad_post_footer":false,"_kad_post_classname":"","footnotes":""},"class_list":["post-15","page","type-page","status-publish","hentry"],"_links":{"self":[{"href":"https:\/\/www.simoosourcing.com\/es\/wp-json\/wp\/v2\/pages\/15","targetHints":{"allow":["GET"]}}],"collection":[{"href":"https:\/\/www.simoosourcing.com\/es\/wp-json\/wp\/v2\/pages"}],"about":[{"href":"https:\/\/www.simoosourcing.com\/es\/wp-json\/wp\/v2\/types\/page"}],"author":[{"embeddable":true,"href":"https:\/\/www.simoosourcing.com\/es\/wp-json\/wp\/v2\/users\/1"}],"replies":[{"embeddable":true,"href":"https:\/\/www.simoosourcing.com\/es\/wp-json\/wp\/v2\/comments?post=15"}],"version-history":[{"count":13,"href":"https:\/\/www.simoosourcing.com\/es\/wp-json\/wp\/v2\/pages\/15\/revisions"}],"predecessor-version":[{"id":501,"href":"https:\/\/www.simoosourcing.com\/es\/wp-json\/wp\/v2\/pages\/15\/revisions\/501"}],"wp:attachment":[{"href":"https:\/\/www.simoosourcing.com\/es\/wp-json\/wp\/v2\/media?parent=15"}],"curies":[{"name":"wp","href":"https:\/\/api.w.org\/{rel}","templated":true}]}}