{"id":17,"date":"2025-05-12T16:07:29","date_gmt":"2025-05-12T16:07:29","guid":{"rendered":"https:\/\/www.simoosourcing.com\/?page_id=17"},"modified":"2025-06-01T06:36:19","modified_gmt":"2025-06-01T06:36:19","slug":"china-wholesale-products","status":"publish","type":"page","link":"https:\/\/www.simoosourcing.com\/es\/china-wholesale-products\/","title":{"rendered":"Productos"},"content":{"rendered":"<div data-elementor-type=\"wp-page\" data-elementor-id=\"17\" class=\"elementor elementor-17\">\n\t\t\t\t<div class=\"elementor-element elementor-element-535b2cd3 e-flex e-con-boxed e-con e-parent\" data-id=\"535b2cd3\" data-element_type=\"container\" data-settings=\"{&quot;background_background&quot;:&quot;classic&quot;}\">\n\t\t\t\t\t<div class=\"e-con-inner\">\n\t\t\t\t<div class=\"elementor-element elementor-element-6c0b2c5a elementor-widget elementor-widget-elementskit-heading\" data-id=\"6c0b2c5a\" data-element_type=\"widget\" data-widget_type=\"elementskit-heading.default\">\n\t\t\t\t<div class=\"elementor-widget-container\">\n\t\t\t\t\t<div class=\"ekit-wid-con\" ><div class=\"ekit-heading elementskit-section-title-wraper text_center   ekit_heading_tablet-   ekit_heading_mobile-\"><a href=\"#\"><h2 class=\"ekit-heading--title elementskit-section-title\">Wholesale Products From China<\/h2><\/a><\/div><\/div>\t\t\t\t<\/div>\n\t\t\t\t<\/div>\n\t\t<div class=\"elementor-element elementor-element-1bccc810 e-con-full e-flex e-con e-child\" data-id=\"1bccc810\" data-element_type=\"container\">\n\t\t\t\t<div class=\"elementor-element elementor-element-2f6c4ee2 elementor-view-default elementor-widget elementor-widget-icon\" data-id=\"2f6c4ee2\" data-element_type=\"widget\" data-widget_type=\"icon.default\">\n\t\t\t\t<div class=\"elementor-widget-container\">\n\t\t\t\t\t\t\t<div class=\"elementor-icon-wrapper\">\n\t\t\t<div class=\"elementor-icon\">\n\t\t\t<svg aria-hidden=\"true\" class=\"e-font-icon-svg e-fas-chevron-right\" viewbox=\"0 0 320 512\" xmlns=\"http:\/\/www.w3.org\/2000\/svg\"><path d=\"M285.476 272.971L91.132 467.314c-9.373 9.373-24.569 9.373-33.941 0l-22.667-22.667c-9.357-9.357-9.375-24.522-.04-33.901L188.505 256 34.484 101.255c-9.335-9.379-9.317-24.544.04-33.901l22.667-22.667c9.373-9.373 24.569-9.373 33.941 0L285.475 239.03c9.373 9.372 9.373 24.568.001 33.941z\"><\/path><\/svg>\t\t\t<\/div>\n\t\t<\/div>\n\t\t\t\t\t\t<\/div>\n\t\t\t\t<\/div>\n\t\t\t\t<\/div>\n\t\t\t\t\t<\/div>\n\t\t\t\t<\/div>\n\t\t<div class=\"elementor-element elementor-element-20fc2105 e-flex e-con-boxed e-con e-parent\" data-id=\"20fc2105\" data-element_type=\"container\">\n\t\t\t\t\t<div class=\"e-con-inner\">\n\t\t<div class=\"elementor-element elementor-element-361f463a e-con-full e-grid e-con e-child\" data-id=\"361f463a\" data-element_type=\"container\">\n\t\t\t\t<div class=\"elementor-element elementor-element-7ba6bf7b elementor-widget elementor-widget-elementskit-image-box\" data-id=\"7ba6bf7b\" data-element_type=\"widget\" data-widget_type=\"elementskit-image-box.default\">\n\t\t\t\t<div class=\"elementor-widget-container\">\n\t\t\t\t\t<div class=\"ekit-wid-con\" >\n            <div class=\"elementskit-info-image-box ekit-image-box text-left floating-style\" >\n\n                \n                <div class=\"elementskit-box-header image-box-img-left\">\n\n                    <img fetchpriority=\"high\" decoding=\"async\" width=\"576\" height=\"734\" src=\"https:\/\/www.simoosourcing.com\/wp-content\/uploads\/2025\/06\/Screen-Shot-2025-06-01-at-14.12.34.png\" class=\"attachment-full size-full wp-image-835\" alt=\"Exciting Macaron\" srcset=\"https:\/\/www.simoosourcing.com\/wp-content\/uploads\/2025\/06\/Screen-Shot-2025-06-01-at-14.12.34.png 576w, https:\/\/www.simoosourcing.com\/wp-content\/uploads\/2025\/06\/Screen-Shot-2025-06-01-at-14.12.34-235x300.png 235w\" sizes=\"(max-width: 576px) 100vw, 576px\" \/>\n                <\/div>\n                \n                <div class=\"elementskit-box-body ekit-image-box-body\">\n                    <div class=\"elementskit-box-content ekit-image-box-body-inner\">\n                                                <h3 class=\"elementskit-info-box-title\">\n\n                        \n                            <i aria-hidden=\"true\" class=\"icon icon-review\"><\/i>\n                        Exciting Macaron\n                        \n                    <\/h3>\n                                                            <div class=\"elementskit-box-style-content\">\n                        Get more trending products from china by contacting us through the WhatsApp number.                    <\/div>\n                                    <\/div>\n\n                                <div class=\"elementskit-box-footer\">\n                    <div class=\"box-footer\">\n                        <div class=\"btn-wraper\">\n                                                            <a href=\"https:\/\/api.whatsapp.com\/send\/?phone=8615057916304&#038;text&#038;type=phone_number&#038;app_absent=0\" class=\"elementskit-btn whitespace--normal\" target=\"_blank\" rel=\"noopener\">\n                                    WhatsApp us here\n                                    <svg aria-hidden=\"true\" class=\"e-font-icon-svg e-fas-arrow-right\" viewbox=\"0 0 448 512\" xmlns=\"http:\/\/www.w3.org\/2000\/svg\"><path d=\"M190.5 66.9l22.2-22.2c9.4-9.4 24.6-9.4 33.9 0L441 239c9.4 9.4 9.4 24.6 0 33.9L246.6 467.3c-9.4 9.4-24.6 9.4-33.9 0l-22.2-22.2c-9.5-9.5-9.3-25 .4-34.3L311.4 296H24c-13.3 0-24-10.7-24-24v-32c0-13.3 10.7-24 24-24h287.4L190.9 101.2c-9.8-9.3-10-24.8-.4-34.3z\"><\/path><\/svg>\n                                <\/a>\n                                                        <\/div>\n                    <\/div>\n                <\/div>\n                            <\/div>\n            <\/div>\n    <\/div>\t\t\t\t<\/div>\n\t\t\t\t<\/div>\n\t\t\t\t<div class=\"elementor-element elementor-element-9fdf2f3 elementor-widget elementor-widget-elementskit-image-box\" data-id=\"9fdf2f3\" data-element_type=\"widget\" data-widget_type=\"elementskit-image-box.default\">\n\t\t\t\t<div class=\"elementor-widget-container\">\n\t\t\t\t\t<div class=\"ekit-wid-con\" >\n            <div class=\"elementskit-info-image-box ekit-image-box text-left floating-style\" >\n\n                \n                <div class=\"elementskit-box-header image-box-img-left\">\n\n                    <img decoding=\"async\" width=\"500\" height=\"500\" src=\"https:\/\/www.simoosourcing.com\/wp-content\/uploads\/2025\/06\/plane-toys.jpg\" class=\"attachment-full size-full wp-image-837\" alt=\"plane toy\" srcset=\"https:\/\/www.simoosourcing.com\/wp-content\/uploads\/2025\/06\/plane-toys.jpg 500w, https:\/\/www.simoosourcing.com\/wp-content\/uploads\/2025\/06\/plane-toys-300x300.jpg 300w, https:\/\/www.simoosourcing.com\/wp-content\/uploads\/2025\/06\/plane-toys-150x150.jpg 150w\" sizes=\"(max-width: 500px) 100vw, 500px\" \/>\n                <\/div>\n                \n                <div class=\"elementskit-box-body ekit-image-box-body\">\n                    <div class=\"elementskit-box-content ekit-image-box-body-inner\">\n                                                <h3 class=\"elementskit-info-box-title\">\n\n                        \n                            <i aria-hidden=\"true\" class=\"icon icon-review\"><\/i>\n                        Flying Airplane Toys\n                        \n                    <\/h3>\n                                                            <div class=\"elementskit-box-style-content\">\n                        Get more trending products from china by contacting us through the WhatsApp number.                    <\/div>\n                                    <\/div>\n\n                                <div class=\"elementskit-box-footer\">\n                    <div class=\"box-footer\">\n                        <div class=\"btn-wraper\">\n                                                            <a href=\"https:\/\/api.whatsapp.com\/send\/?phone=8615057916304&#038;text&#038;type=phone_number&#038;app_absent=0\" class=\"elementskit-btn whitespace--normal\" target=\"_blank\" rel=\"noopener\">\n                                    WhatsApp us here\n                                    <svg aria-hidden=\"true\" class=\"e-font-icon-svg e-fas-arrow-right\" viewbox=\"0 0 448 512\" xmlns=\"http:\/\/www.w3.org\/2000\/svg\"><path d=\"M190.5 66.9l22.2-22.2c9.4-9.4 24.6-9.4 33.9 0L441 239c9.4 9.4 9.4 24.6 0 33.9L246.6 467.3c-9.4 9.4-24.6 9.4-33.9 0l-22.2-22.2c-9.5-9.5-9.3-25 .4-34.3L311.4 296H24c-13.3 0-24-10.7-24-24v-32c0-13.3 10.7-24 24-24h287.4L190.9 101.2c-9.8-9.3-10-24.8-.4-34.3z\"><\/path><\/svg>\n                                <\/a>\n                                                        <\/div>\n                    <\/div>\n                <\/div>\n                            <\/div>\n            <\/div>\n    <\/div>\t\t\t\t<\/div>\n\t\t\t\t<\/div>\n\t\t\t\t<div class=\"elementor-element elementor-element-f6b2012 elementor-widget elementor-widget-elementskit-image-box\" data-id=\"f6b2012\" data-element_type=\"widget\" data-widget_type=\"elementskit-image-box.default\">\n\t\t\t\t<div class=\"elementor-widget-container\">\n\t\t\t\t\t<div class=\"ekit-wid-con\" >\n            <div class=\"elementskit-info-image-box ekit-image-box text-left floating-style\" >\n\n                \n                <div class=\"elementskit-box-header image-box-img-left\">\n\n                    <img decoding=\"async\" width=\"640\" height=\"640\" src=\"https:\/\/www.simoosourcing.com\/wp-content\/uploads\/2025\/06\/portable-blender.jpeg\" class=\"attachment-full size-full wp-image-838\" alt=\"\" srcset=\"https:\/\/www.simoosourcing.com\/wp-content\/uploads\/2025\/06\/portable-blender.jpeg 640w, https:\/\/www.simoosourcing.com\/wp-content\/uploads\/2025\/06\/portable-blender-300x300.jpeg 300w, https:\/\/www.simoosourcing.com\/wp-content\/uploads\/2025\/06\/portable-blender-150x150.jpeg 150w\" sizes=\"(max-width: 640px) 100vw, 640px\" \/>\n                <\/div>\n                \n                <div class=\"elementskit-box-body ekit-image-box-body\">\n                    <div class=\"elementskit-box-content ekit-image-box-body-inner\">\n                                                <h3 class=\"elementskit-info-box-title\">\n\n                        \n                            <i aria-hidden=\"true\" class=\"icon icon-review\"><\/i>\n                        Portable Blender\n                        \n                    <\/h3>\n                                                            <div class=\"elementskit-box-style-content\">\n                        Get more trending products from china by contacting us through the WhatsApp number.                    <\/div>\n                                    <\/div>\n\n                                <div class=\"elementskit-box-footer\">\n                    <div class=\"box-footer\">\n                        <div class=\"btn-wraper\">\n                                                            <a href=\"https:\/\/api.whatsapp.com\/send\/?phone=8615057916304&#038;text&#038;type=phone_number&#038;app_absent=0\" class=\"elementskit-btn whitespace--normal\" target=\"_blank\" rel=\"noopener\">\n                                    WhatsApp us here\n                                    <svg aria-hidden=\"true\" class=\"e-font-icon-svg e-fas-arrow-right\" viewbox=\"0 0 448 512\" xmlns=\"http:\/\/www.w3.org\/2000\/svg\"><path d=\"M190.5 66.9l22.2-22.2c9.4-9.4 24.6-9.4 33.9 0L441 239c9.4 9.4 9.4 24.6 0 33.9L246.6 467.3c-9.4 9.4-24.6 9.4-33.9 0l-22.2-22.2c-9.5-9.5-9.3-25 .4-34.3L311.4 296H24c-13.3 0-24-10.7-24-24v-32c0-13.3 10.7-24 24-24h287.4L190.9 101.2c-9.8-9.3-10-24.8-.4-34.3z\"><\/path><\/svg>\n                                <\/a>\n                                                        <\/div>\n                    <\/div>\n                <\/div>\n                            <\/div>\n            <\/div>\n    <\/div>\t\t\t\t<\/div>\n\t\t\t\t<\/div>\n\t\t\t\t<div class=\"elementor-element elementor-element-03b02d8 elementor-widget elementor-widget-elementskit-image-box\" data-id=\"03b02d8\" data-element_type=\"widget\" data-widget_type=\"elementskit-image-box.default\">\n\t\t\t\t<div class=\"elementor-widget-container\">\n\t\t\t\t\t<div class=\"ekit-wid-con\" >\n            <div class=\"elementskit-info-image-box ekit-image-box text-left floating-style\" >\n\n                \n                <div class=\"elementskit-box-header image-box-img-left\">\n\n                    <img loading=\"lazy\" decoding=\"async\" width=\"518\" height=\"540\" src=\"https:\/\/www.simoosourcing.com\/wp-content\/uploads\/2025\/06\/roof-top-tent.jpg\" class=\"attachment-full size-full wp-image-839\" alt=\"roof top tent\" srcset=\"https:\/\/www.simoosourcing.com\/wp-content\/uploads\/2025\/06\/roof-top-tent.jpg 518w, https:\/\/www.simoosourcing.com\/wp-content\/uploads\/2025\/06\/roof-top-tent-288x300.jpg 288w\" sizes=\"(max-width: 518px) 100vw, 518px\" \/>\n                <\/div>\n                \n                <div class=\"elementskit-box-body ekit-image-box-body\">\n                    <div class=\"elementskit-box-content ekit-image-box-body-inner\">\n                                                <h3 class=\"elementskit-info-box-title\">\n\n                        \n                            <i aria-hidden=\"true\" class=\"icon icon-review\"><\/i>\n                        Roof Car Tent\n                        \n                    <\/h3>\n                                                            <div class=\"elementskit-box-style-content\">\n                        Get more trending products from china by contacting us through the WhatsApp number.                    <\/div>\n                                    <\/div>\n\n                                <div class=\"elementskit-box-footer\">\n                    <div class=\"box-footer\">\n                        <div class=\"btn-wraper\">\n                                                            <a href=\"https:\/\/api.whatsapp.com\/send\/?phone=8615057916304&#038;text&#038;type=phone_number&#038;app_absent=0\" class=\"elementskit-btn whitespace--normal\" target=\"_blank\" rel=\"noopener\">\n                                    WhatsApp us here\n                                    <svg aria-hidden=\"true\" class=\"e-font-icon-svg e-fas-arrow-right\" viewbox=\"0 0 448 512\" xmlns=\"http:\/\/www.w3.org\/2000\/svg\"><path d=\"M190.5 66.9l22.2-22.2c9.4-9.4 24.6-9.4 33.9 0L441 239c9.4 9.4 9.4 24.6 0 33.9L246.6 467.3c-9.4 9.4-24.6 9.4-33.9 0l-22.2-22.2c-9.5-9.5-9.3-25 .4-34.3L311.4 296H24c-13.3 0-24-10.7-24-24v-32c0-13.3 10.7-24 24-24h287.4L190.9 101.2c-9.8-9.3-10-24.8-.4-34.3z\"><\/path><\/svg>\n                                <\/a>\n                                                        <\/div>\n                    <\/div>\n                <\/div>\n                            <\/div>\n            <\/div>\n    <\/div>\t\t\t\t<\/div>\n\t\t\t\t<\/div>\n\t\t\t\t<div class=\"elementor-element elementor-element-29a0246 elementor-widget elementor-widget-elementskit-image-box\" data-id=\"29a0246\" data-element_type=\"widget\" data-widget_type=\"elementskit-image-box.default\">\n\t\t\t\t<div class=\"elementor-widget-container\">\n\t\t\t\t\t<div class=\"ekit-wid-con\" >\n            <div class=\"elementskit-info-image-box ekit-image-box text-left floating-style\" >\n\n                \n                <div class=\"elementskit-box-header image-box-img-left\">\n\n                    <img loading=\"lazy\" decoding=\"async\" width=\"800\" height=\"800\" src=\"https:\/\/www.simoosourcing.com\/wp-content\/uploads\/2025\/06\/car-parfum.jpeg\" class=\"attachment-full size-full wp-image-840\" alt=\"car parfum\" srcset=\"https:\/\/www.simoosourcing.com\/wp-content\/uploads\/2025\/06\/car-parfum.jpeg 800w, https:\/\/www.simoosourcing.com\/wp-content\/uploads\/2025\/06\/car-parfum-300x300.jpeg 300w, https:\/\/www.simoosourcing.com\/wp-content\/uploads\/2025\/06\/car-parfum-150x150.jpeg 150w, https:\/\/www.simoosourcing.com\/wp-content\/uploads\/2025\/06\/car-parfum-768x768.jpeg 768w\" sizes=\"(max-width: 800px) 100vw, 800px\" \/>\n                <\/div>\n                \n                <div class=\"elementskit-box-body ekit-image-box-body\">\n                    <div class=\"elementskit-box-content ekit-image-box-body-inner\">\n                                                <h3 class=\"elementskit-info-box-title\">\n\n                        \n                            <i aria-hidden=\"true\" class=\"icon icon-review\"><\/i>\n                        Car Parfum \n                        \n                    <\/h3>\n                                                            <div class=\"elementskit-box-style-content\">\n                        Get more trending products from china by contacting us through the WhatsApp number.                    <\/div>\n                                    <\/div>\n\n                                <div class=\"elementskit-box-footer\">\n                    <div class=\"box-footer\">\n                        <div class=\"btn-wraper\">\n                                                            <a href=\"https:\/\/api.whatsapp.com\/send\/?phone=8615057916304&#038;text&#038;type=phone_number&#038;app_absent=0\" class=\"elementskit-btn whitespace--normal\" target=\"_blank\" rel=\"noopener\">\n                                    WhatsApp us here\n                                    <svg aria-hidden=\"true\" class=\"e-font-icon-svg e-fas-arrow-right\" viewbox=\"0 0 448 512\" xmlns=\"http:\/\/www.w3.org\/2000\/svg\"><path d=\"M190.5 66.9l22.2-22.2c9.4-9.4 24.6-9.4 33.9 0L441 239c9.4 9.4 9.4 24.6 0 33.9L246.6 467.3c-9.4 9.4-24.6 9.4-33.9 0l-22.2-22.2c-9.5-9.5-9.3-25 .4-34.3L311.4 296H24c-13.3 0-24-10.7-24-24v-32c0-13.3 10.7-24 24-24h287.4L190.9 101.2c-9.8-9.3-10-24.8-.4-34.3z\"><\/path><\/svg>\n                                <\/a>\n                                                        <\/div>\n                    <\/div>\n                <\/div>\n                            <\/div>\n            <\/div>\n    <\/div>\t\t\t\t<\/div>\n\t\t\t\t<\/div>\n\t\t\t\t<div class=\"elementor-element elementor-element-5c4a100 elementor-widget elementor-widget-elementskit-image-box\" data-id=\"5c4a100\" data-element_type=\"widget\" data-widget_type=\"elementskit-image-box.default\">\n\t\t\t\t<div class=\"elementor-widget-container\">\n\t\t\t\t\t<div class=\"ekit-wid-con\" >\n            <div class=\"elementskit-info-image-box ekit-image-box text-left floating-style\" >\n\n                \n                <div class=\"elementskit-box-header image-box-img-left\">\n\n                    <img loading=\"lazy\" decoding=\"async\" width=\"474\" height=\"474\" src=\"https:\/\/www.simoosourcing.com\/wp-content\/uploads\/2025\/06\/phone-case.jpeg\" class=\"attachment-full size-full wp-image-841\" alt=\"phone case\" srcset=\"https:\/\/www.simoosourcing.com\/wp-content\/uploads\/2025\/06\/phone-case.jpeg 474w, https:\/\/www.simoosourcing.com\/wp-content\/uploads\/2025\/06\/phone-case-300x300.jpeg 300w, https:\/\/www.simoosourcing.com\/wp-content\/uploads\/2025\/06\/phone-case-150x150.jpeg 150w\" sizes=\"(max-width: 474px) 100vw, 474px\" \/>\n                <\/div>\n                \n                <div class=\"elementskit-box-body ekit-image-box-body\">\n                    <div class=\"elementskit-box-content ekit-image-box-body-inner\">\n                                                <h3 class=\"elementskit-info-box-title\">\n\n                        \n                            <i aria-hidden=\"true\" class=\"icon icon-review\"><\/i>\n                        Phone Case\n                        \n                    <\/h3>\n                                                            <div class=\"elementskit-box-style-content\">\n                        Get more trending products from china by contacting us through the WhatsApp number.                    <\/div>\n                                    <\/div>\n\n                                <div class=\"elementskit-box-footer\">\n                    <div class=\"box-footer\">\n                        <div class=\"btn-wraper\">\n                                                            <a href=\"https:\/\/api.whatsapp.com\/send\/?phone=8615057916304&#038;text&#038;type=phone_number&#038;app_absent=0\" class=\"elementskit-btn whitespace--normal\" target=\"_blank\" rel=\"noopener\">\n                                    WhatsApp us here\n                                    <svg aria-hidden=\"true\" class=\"e-font-icon-svg e-fas-arrow-right\" viewbox=\"0 0 448 512\" xmlns=\"http:\/\/www.w3.org\/2000\/svg\"><path d=\"M190.5 66.9l22.2-22.2c9.4-9.4 24.6-9.4 33.9 0L441 239c9.4 9.4 9.4 24.6 0 33.9L246.6 467.3c-9.4 9.4-24.6 9.4-33.9 0l-22.2-22.2c-9.5-9.5-9.3-25 .4-34.3L311.4 296H24c-13.3 0-24-10.7-24-24v-32c0-13.3 10.7-24 24-24h287.4L190.9 101.2c-9.8-9.3-10-24.8-.4-34.3z\"><\/path><\/svg>\n                                <\/a>\n                                                        <\/div>\n                    <\/div>\n                <\/div>\n                            <\/div>\n            <\/div>\n    <\/div>\t\t\t\t<\/div>\n\t\t\t\t<\/div>\n\t\t\t\t<\/div>\n\t\t\t\t\t<\/div>\n\t\t\t\t<\/div>\n\t\t<div class=\"elementor-element elementor-element-37c1e57f e-flex e-con-boxed e-con e-parent\" data-id=\"37c1e57f\" data-element_type=\"container\">\n\t\t\t\t\t<div class=\"e-con-inner\">\n\t\t\t\t<div class=\"elementor-element elementor-element-5b08bb66 elementor-widget elementor-widget-contentviews_widget_grid1\" data-id=\"5b08bb66\" data-element_type=\"widget\" data-widget_type=\"contentviews_widget_grid1.default\">\n\t\t\t\t<div class=\"elementor-widget-container\">\n\t\t\t\t\t<div class='pt-cv-wrapper'> <h1 class='pt-cv-heading-container heading1' data-blockid='5b08bb66'><span class='pt-cv-heading'> Conocimientos sobre desarrollo de fuentes de suministro <\/span><\/h1><div class=\"pt-cv-view pt-cv-blockgrid iscvblock iscvelementor grid1 layout1\" id=\"pt-cv-view-5b08bb66\"><div data-id=\"pt-cv-page-1\" class=\"pt-cv-page\" data-cvc=\"1\"><div class=\"pt-cv-content-item pt-cv-1-col\" ><div class=\"pt-cv-thumb-wrapper\"><a href=\"https:\/\/www.simoosourcing.com\/es\/what-are-lcl-and-fcl-complete-guide\/\" class=\"_self pt-cv-href-thumbnail pt-cv-thumb-default\" target=\"_self\"><img loading=\"lazy\" decoding=\"async\" width=\"1024\" height=\"735\" src=\"https:\/\/www.simoosourcing.com\/wp-content\/uploads\/2025\/12\/Screen-Shot-2025-12-09-at-21.53.59-1024x735.png\" class=\"pt-cv-thumbnail\" alt=\"fcl\" \/><\/a><\/div>\n<h4 class=\"pt-cv-title\"><a href=\"https:\/\/www.simoosourcing.com\/es\/what-are-lcl-and-fcl-complete-guide\/\" class=\"_self\" target=\"_self\">\u00bfQu\u00e9 son LCL y FCL? Gu\u00eda completa<\/a><\/h4>\n<div class=\"pt-cv-content\">Si se adentra en el mundo del transporte mar\u00edtimo internacional, los t\u00e9rminos FCL y LCL son dos de los primeros ...<\/div>\n<div class=\"pt-cv-rmwrap\"><a href=\"https:\/\/www.simoosourcing.com\/es\/what-are-lcl-and-fcl-complete-guide\/\" class=\"_self pt-cv-readmore btn btn-success\" target=\"_self\">Leer m\u00e1s<\/a><\/div><\/div>\n<div class=\"pt-cv-content-item pt-cv-1-col\" ><div class=\"pt-cv-thumb-wrapper\"><a href=\"https:\/\/www.simoosourcing.com\/es\/fishing-rod-materials\/\" class=\"_self pt-cv-href-thumbnail pt-cv-thumb-default\" target=\"_self\"><img loading=\"lazy\" decoding=\"async\" width=\"800\" height=\"800\" src=\"https:\/\/www.simoosourcing.com\/wp-content\/uploads\/2025\/12\/fishing-rod-materials.jpeg\" class=\"pt-cv-thumbnail\" alt=\"fishing-rod-materials\" \/><\/a><\/div>\n<h4 class=\"pt-cv-title\"><a href=\"https:\/\/www.simoosourcing.com\/es\/fishing-rod-materials\/\" class=\"_self\" target=\"_self\">Materiales para ca\u00f1as de pescar - Gu\u00eda completa para la construcci\u00f3n de ca\u00f1as modernas<\/a><\/h4>\n<div class=\"pt-cv-content\">Las ca\u00f1as de pescar pueden parecer sencillas a primera vista, pero la magia de su funcionamiento reside en lo m\u00e1s profundo de sus materiales ...<\/div>\n<div class=\"pt-cv-rmwrap\"><a href=\"https:\/\/www.simoosourcing.com\/es\/fishing-rod-materials\/\" class=\"_self pt-cv-readmore btn btn-success\" target=\"_self\">Leer m\u00e1s<\/a><\/div><\/div>\n<div class=\"pt-cv-content-item pt-cv-1-col\" ><div class=\"pt-cv-thumb-wrapper\"><a href=\"https:\/\/www.simoosourcing.com\/es\/7-common-types-of-plastic-bottles\/\" class=\"_self pt-cv-href-thumbnail pt-cv-thumb-default\" target=\"_self\"><img loading=\"lazy\" decoding=\"async\" width=\"1024\" height=\"683\" src=\"https:\/\/www.simoosourcing.com\/wp-content\/uploads\/2025\/12\/Screen-Shot-2025-12-04-at-13.23.34-1024x683.png\" class=\"pt-cv-thumbnail\" alt=\"Plastic Bottles\" \/><\/a><\/div>\n<h4 class=\"pt-cv-title\"><a href=\"https:\/\/www.simoosourcing.com\/es\/7-common-types-of-plastic-bottles\/\" class=\"_self\" target=\"_self\">Los 7 mejores tipos de botellas de pl\u00e1stico: Propiedades, usos, seguridad y reciclaje<\/a><\/h4>\n<div class=\"pt-cv-content\">Las botellas de pl\u00e1stico est\u00e1n por todas partes: en las estanter\u00edas de las tiendas, en nuestros frigor\u00edficos, tiradas en los contenedores de reciclaje y, por desgracia, incluso en los oc\u00e9anos y vertederos ...<\/div>\n<div class=\"pt-cv-rmwrap\"><a href=\"https:\/\/www.simoosourcing.com\/es\/7-common-types-of-plastic-bottles\/\" class=\"_self pt-cv-readmore btn btn-success\" target=\"_self\">Leer m\u00e1s<\/a><\/div><\/div><\/div><\/div> <\/div> \t\t\t\t<\/div>\n\t\t\t\t<\/div>\n\t\t\t\t\t<\/div>\n\t\t\t\t<\/div>\n\t\t\t\t<\/div>","protected":false},"excerpt":{"rendered":"<p>Wholesale Products From China Exciting Macaron Get more trending products from china by contacting us through the WhatsApp number. WhatsApp us here Flying Airplane Toys Get more trending products from china by&#8230;<\/p>","protected":false},"author":1,"featured_media":0,"parent":0,"menu_order":0,"comment_status":"closed","ping_status":"closed","template":"","meta":{"_kad_post_transparent":"","_kad_post_title":"hide","_kad_post_layout":"fullwidth","_kad_post_sidebar_id":"","_kad_post_content_style":"unboxed","_kad_post_vertical_padding":"hide","_kad_post_feature":"hide","_kad_post_feature_position":"","_kad_post_header":false,"_kad_post_footer":false,"_kad_post_classname":"","footnotes":""},"class_list":["post-17","page","type-page","status-publish","hentry"],"_links":{"self":[{"href":"https:\/\/www.simoosourcing.com\/es\/wp-json\/wp\/v2\/pages\/17","targetHints":{"allow":["GET"]}}],"collection":[{"href":"https:\/\/www.simoosourcing.com\/es\/wp-json\/wp\/v2\/pages"}],"about":[{"href":"https:\/\/www.simoosourcing.com\/es\/wp-json\/wp\/v2\/types\/page"}],"author":[{"embeddable":true,"href":"https:\/\/www.simoosourcing.com\/es\/wp-json\/wp\/v2\/users\/1"}],"replies":[{"embeddable":true,"href":"https:\/\/www.simoosourcing.com\/es\/wp-json\/wp\/v2\/comments?post=17"}],"version-history":[{"count":10,"href":"https:\/\/www.simoosourcing.com\/es\/wp-json\/wp\/v2\/pages\/17\/revisions"}],"predecessor-version":[{"id":851,"href":"https:\/\/www.simoosourcing.com\/es\/wp-json\/wp\/v2\/pages\/17\/revisions\/851"}],"wp:attachment":[{"href":"https:\/\/www.simoosourcing.com\/es\/wp-json\/wp\/v2\/media?parent=17"}],"curies":[{"name":"wp","href":"https:\/\/api.w.org\/{rel}","templated":true}]}}