{"id":1011,"date":"2025-06-14T04:10:34","date_gmt":"2025-06-14T04:10:34","guid":{"rendered":"https:\/\/www.simoosourcing.com\/?page_id=1011"},"modified":"2025-06-14T04:10:38","modified_gmt":"2025-06-14T04:10:38","slug":"amazon-fba-order-of-cable-adapters-to-the-uk","status":"publish","type":"page","link":"https:\/\/www.simoosourcing.com\/fr\/amazon-fba-order-of-cable-adapters-to-the-uk\/","title":{"rendered":"\u00c9tude de cas : Comment Simoosourcing a livr\u00e9 au Royaume-Uni une commande d'adaptateurs de c\u00e2bles sans probl\u00e8me dans le cadre du programme FBA d'Amazon"},"content":{"rendered":"<p>Gestion d'une <strong>Amazon FBA business<\/strong> n'est pas une mince affaire, surtout lorsqu'il s'agit d'acheter des produits \u00e0 l'\u00e9tranger, d'effectuer des contr\u00f4les de qualit\u00e9 et d'assurer une livraison sans heurt aux entrep\u00f4ts d'Amazon. Un seul faux pas peut co\u00fbter \u00e0 un vendeur du temps, de l'argent et des critiques n\u00e9gatives.<\/p>\n\n\n\n<p>C'est exactement la raison pour laquelle les vendeurs intelligents d'Amazon se tournent vers des professionnels. <strong><a href=\"https:\/\/www.simoosourcing.com\/fr\/\" data-type=\"link\" data-id=\"simoosourcing.com\">Agents de sourcing en Chine<\/a><\/strong> comme <strong>Simoosourcing<\/strong>.<\/p>\n\n\n\n<p>Dans cette \u00e9tude de cas, nous vous expliquons comment Simoosourcing a g\u00e9r\u00e9 un processus complet d'approvisionnement et d'ex\u00e9cution pour un vendeur d'Amazon au Royaume-Uni qui avait besoin d'importer un produit de marque personnalis\u00e9e. <strong>adaptateur de c\u00e2ble<\/strong> pour FBA. <\/p>\n\n\n\n<figure class=\"wp-block-image size-full\"><img fetchpriority=\"high\" decoding=\"async\" width=\"754\" height=\"964\" src=\"https:\/\/www.simoosourcing.com\/wp-content\/uploads\/2025\/06\/Screen-Shot-2025-06-14-at-12.09.14.png\" alt=\"cable adapter\" class=\"wp-image-1013\" srcset=\"https:\/\/www.simoosourcing.com\/wp-content\/uploads\/2025\/06\/Screen-Shot-2025-06-14-at-12.09.14.png 754w, https:\/\/www.simoosourcing.com\/wp-content\/uploads\/2025\/06\/Screen-Shot-2025-06-14-at-12.09.14-235x300.png 235w\" sizes=\"(max-width: 754px) 100vw, 754px\" \/><\/figure>\n\n\n\n<p>De la s\u00e9lection des fournisseurs au contr\u00f4le de la qualit\u00e9, en passant par l'emballage conforme aux normes Amazon et l'exp\u00e9dition directe vers les entrep\u00f4ts britanniques, Simosourcing s'est occup\u00e9 de tout.<\/p>\n\n\n\n<p><strong>Lisez ce commentaire avant d'acheter<\/strong>-Parce que cette histoire prouve \u00e0 quel point un partenaire d'approvisionnement fiable peut \u00eatre essentiel pour votre activit\u00e9 sur Amazon.<\/p>\n\n\n\n<div class=\"wp-block-rank-math-toc-block\" id=\"rank-math-toc\"><h2>Table des mati\u00e8res<\/h2><nav><ul><li><a href=\"#client-overview\">Pr\u00e9sentation du client<\/a><\/li><li><a href=\"#step-1-sourcing-the-right-manufacturer\">\u00c9tape 1 : Recherche du bon fabricant<\/a><\/li><li><a href=\"#step-2-product-sampling-and-quality-confirmation\">\u00c9tape 2 : \u00c9chantillonnage des produits et confirmation de la qualit\u00e9<\/a><\/li><li><a href=\"#step-3-production-management-and-on-site-qc\">\u00c9tape 3 : Gestion de la production et contr\u00f4le de qualit\u00e9 sur site<\/a><\/li><li><a href=\"#step-4-amazon-fba-prep-and-packaging\">\u00c9tape 4 : Pr\u00e9paration et emballage pour Amazon FBA<\/a><\/li><li><a href=\"#step-5-shipping-and-delivery-to-amazon-uk-warehouse\">\u00c9tape 5 : Exp\u00e9dition et livraison \u00e0 l'entrep\u00f4t d'Amazon UK<\/a><\/li><li><a href=\"#results-client-feedback\">R\u00e9sultats et commentaires des clients<\/a><\/li><li><a href=\"#conclusion\">Conclusion<\/a><\/li><li><a href=\"#fa-qs-about-amazon-fba\">FAQ sur Amazon Fba<\/a><\/li><\/ul><\/nav><\/div>\n\n\n\n<h2 class=\"wp-block-heading\" id=\"client-overview\"><strong>Pr\u00e9sentation du client<\/strong><\/h2>\n\n\n\n<ul class=\"wp-block-list\">\n<li><strong>Client<\/strong>: Vendeur Amazon FBA bas\u00e9 au Royaume-Uni<\/li>\n\n\n\n<li><strong>Produit<\/strong>: Adaptateur de c\u00e2ble USB-C vers HDMI<\/li>\n\n\n\n<li><strong>March\u00e9 cible<\/strong>: Clients du Royaume-Uni et de l'UE<\/li>\n\n\n\n<li><strong>Canal de vente<\/strong>: Amazon UK via FBA<\/li>\n\n\n\n<li><strong>Objectif<\/strong>: Lancer un adaptateur de c\u00e2ble de haute qualit\u00e9 sous marque priv\u00e9e, optimis\u00e9 pour les \u00e9crans 4K, avec une marque et un emballage personnalis\u00e9s.<\/li>\n<\/ul>\n\n\n\n<h2 class=\"wp-block-heading\" id=\"step-1-sourcing-the-right-manufacturer\"><strong>\u00c9tape 1 : Recherche du bon fabricant<\/strong><\/h2>\n\n\n\n<p>Le client a contact\u00e9 <strong>Simoosourcing<\/strong> avec un concept de produit et des attentes en mati\u00e8re de qualit\u00e9. L'objectif \u00e9tait de trouver un <strong>adaptateur de c\u00e2ble premium<\/strong> qui r\u00e9pondaient aux normes CE et RoHS, \u00e9taient pr\u00e9sent\u00e9s dans un emballage \u00e9cologique et pouvaient \u00eatre livr\u00e9s directement aux entrep\u00f4ts FBA d'Amazon au Royaume-Uni.<\/p>\n\n\n\n<p>Simoosourcing s'en occupe :<\/p>\n\n\n\n<ul class=\"wp-block-list\">\n<li>Pr\u00e9s\u00e9lection des fournisseurs : 6 fabricants ont \u00e9t\u00e9 retenus dans un premier temps<\/li>\n\n\n\n<li>Collecte et comparaison des \u00e9chantillons<\/li>\n\n\n\n<li>V\u00e9rification de l'usine et des ant\u00e9c\u00e9dents<\/li>\n\n\n\n<li>N\u00e9gociation des prix pour respecter le budget du client<\/li>\n<\/ul>\n\n\n\n<p>Apr\u00e8s un processus d'\u00e9valuation approfondi, Simoosourcing a s\u00e9lectionn\u00e9 un fabricant d'\u00e9lectronique bas\u00e9 \u00e0 Shenzhen qui a plus de 10 ans d'exp\u00e9rience dans la production d'adaptateurs et d'accessoires audiovisuels pour les march\u00e9s europ\u00e9ens.<\/p>\n\n\n\n<h2 class=\"wp-block-heading\" id=\"step-2-product-sampling-and-quality-confirmation\"><strong>\u00c9tape 2 : \u00c9chantillonnage des produits et confirmation de la qualit\u00e9<\/strong><\/h2>\n\n\n\n<figure class=\"wp-block-image size-full\"><img decoding=\"async\" width=\"748\" height=\"728\" src=\"https:\/\/www.simoosourcing.com\/wp-content\/uploads\/2025\/06\/Screen-Shot-2025-06-14-at-12.09.06.png\" alt=\"\" class=\"wp-image-1014\" srcset=\"https:\/\/www.simoosourcing.com\/wp-content\/uploads\/2025\/06\/Screen-Shot-2025-06-14-at-12.09.06.png 748w, https:\/\/www.simoosourcing.com\/wp-content\/uploads\/2025\/06\/Screen-Shot-2025-06-14-at-12.09.06-300x292.png 300w\" sizes=\"(max-width: 748px) 100vw, 748px\" \/><\/figure>\n\n\n\n<p>Une fois le fournisseur confirm\u00e9, les \u00e9chantillons ont \u00e9t\u00e9 envoy\u00e9s \u00e0 l'\u00e9quipe d'inspection de Simoosourcing pour une \u00e9valuation interne avant d'\u00eatre transmis au client au Royaume-Uni.<\/p>\n\n\n\n<p>Inspection incluse :<\/p>\n\n\n\n<ul class=\"wp-block-list\">\n<li>Tests fonctionnels (sortie de la r\u00e9solution 4K et compatibilit\u00e9 avec divers appareils)<\/li>\n\n\n\n<li>Qualit\u00e9 de construction (durabilit\u00e9, finition des connecteurs, int\u00e9grit\u00e9 des soudures)<\/li>\n\n\n\n<li>Pr\u00e9cision de la marque (impression du logo sur le c\u00e2ble et l'emballage)<\/li>\n\n\n\n<li>V\u00e9rification de la documentation CE et RoHS<\/li>\n<\/ul>\n\n\n\n<p>Le client a approuv\u00e9 l'\u00e9chantillon final en deux semaines. Aucune r\u00e9vision n'a \u00e9t\u00e9 n\u00e9cessaire, gr\u00e2ce aux conseils clairs de Simoosourcing \u00e0 l'usine avant l'envoi de l'\u00e9chantillon.<\/p>\n\n\n\n<h2 class=\"wp-block-heading\" id=\"step-3-production-management-and-on-site-qc\"><strong>\u00c9tape 3 : Gestion de la production et contr\u00f4le de qualit\u00e9 sur site<\/strong><\/h2>\n\n\n\n<p>Une fois le bon de commande confirm\u00e9, Simoosourcing a pris en charge la gestion de la production. Tout au long du cycle de fabrication de 18 jours, ils :<\/p>\n\n\n\n<ul class=\"wp-block-list\">\n<li>Suivi des calendriers de production afin de garantir une livraison dans les d\u00e9lais.<\/li>\n\n\n\n<li>Fournir des mises \u00e0 jour r\u00e9guli\u00e8res des photos et des vid\u00e9os au client.<\/li>\n\n\n\n<li>Conduite d'une <strong>inspection de la qualit\u00e9 d'un lot complet<\/strong> l'utilisation des normes NQA<\/li>\n\n\n\n<li>V\u00e9rification de la conformit\u00e9 de l'emballage avec les normes Amazon FBA (emplacement du code-barres, \u00e9tiquetage, emballage en poly\u00e9thyl\u00e8ne et \u00e9tiquettes d'avertissement).<\/li>\n<\/ul>\n\n\n\n<p>Tous les d\u00e9fauts mineurs (moins de 1%) ont \u00e9t\u00e9 corrig\u00e9s avant l'exp\u00e9dition. Le client a re\u00e7u un <strong>Rapport de contr\u00f4le qualit\u00e9 avec images et r\u00e9sultats des tests<\/strong> pour chaque lot.<\/p>\n\n\n\n<h2 class=\"wp-block-heading\" id=\"step-4-amazon-fba-prep-and-packaging\"><strong>\u00c9tape 4 : Pr\u00e9paration et emballage pour Amazon FBA<\/strong><\/h2>\n\n\n\n<p>Simoosourcing a coordonn\u00e9 la pr\u00e9paration FBA en se basant sur les directives strictes d'Amazon UK :<\/p>\n\n\n\n<ul class=\"wp-block-list\">\n<li>\u00c9tiquetage de chaque produit avec les codes-barres FNSKU<\/li>\n\n\n\n<li>Apposition d'autocollants d'avertissement de suffocation sur les sacs en poly\u00e9thyl\u00e8ne<\/li>\n\n\n\n<li>Veiller \u00e0 ce que la taille et le poids des emballages soient conformes afin d'\u00e9viter les surcharges.<\/li>\n\n\n\n<li>Emballage des marchandises dans des cartons principaux en utilisant les cartons appropri\u00e9s. <a href=\"http:\/\/amazon.com\" target=\"_blank\" rel=\"noopener\">\u00e9tiquetage pour FBA<\/a><\/li>\n\n\n\n<li>Partage du plan d'exp\u00e9dition et des d\u00e9tails de suivi avec le client via Seller Central<\/li>\n<\/ul>\n\n\n\n<p>Cette pr\u00e9paration pr\u00eate \u00e0 l'emploi <strong>a permis au client d'\u00e9conomiser des centaines d'euros en frais de pr\u00e9paration par des tiers<\/strong> et a veill\u00e9 \u00e0 ce que 100% soit conforme aux r\u00e8gles d'Amazon.<\/p>\n\n\n\n<h2 class=\"wp-block-heading\" id=\"step-5-shipping-and-delivery-to-amazon-uk-warehouse\"><strong>\u00c9tape 5 : Exp\u00e9dition et livraison \u00e0 l'entrep\u00f4t d'Amazon UK<\/strong><\/h2>\n\n\n\n<p>Traitement de Simoosourcing <strong>logistique de bout en bout<\/strong>, y compris :<\/p>\n\n\n\n<ul class=\"wp-block-list\">\n<li>R\u00e9servation de fret via le transport a\u00e9rien DDP (Delivered Duty Paid)<\/li>\n\n\n\n<li>D\u00e9douanement au Royaume-Uni<\/li>\n\n\n\n<li>Livraison directe \u00e0 deux centres d'ex\u00e9cution Amazon UK FBA<\/li>\n<\/ul>\n\n\n\n<p>Le d\u00e9lai de livraison total entre la Chine et l'entrep\u00f4t d'Amazon au Royaume-Uni n'a \u00e9t\u00e9 que d'un million d'euros. <strong>8 jours ouvrables<\/strong>. L'ensemble du processus a pu \u00eatre suivi et le client a re\u00e7u des mises \u00e0 jour par courrier \u00e9lectronique \u00e0 chaque \u00e9tape.<\/p>\n\n\n\n<h2 class=\"wp-block-heading\" id=\"results-client-feedback\"><strong>R\u00e9sultats et commentaires des clients<\/strong><\/h2>\n\n\n\n<ul class=\"wp-block-list\">\n<li><strong>Produit lanc\u00e9 sur Amazon dans les 30 jours<\/strong> du premier contact avec Simoosourcing<\/li>\n\n\n\n<li>Atteint <strong>Note moyenne de 4,8 \u00e9toiles<\/strong> au cours du premier mois de vente<\/li>\n\n\n\n<li>Aucun avis n\u00e9gatif concernant la qualit\u00e9 du produit ou l'emballage<\/li>\n\n\n\n<li>Confiance accrue et projets d'expansion sur d'autres march\u00e9s de l'UE avec le soutien de Simoosourcing<\/li>\n<\/ul>\n\n\n\n<p><strong>T\u00e9moignage d'un client<\/strong>:<br><em>\u201cSimoosourcing a fait en sorte que tout le processus se d\u00e9roule sans friction. J'ai d\u00e9j\u00e0 travaill\u00e9 avec plusieurs agents, mais aucun n'a fourni un tel niveau de service et de professionnalisme. Des contr\u00f4les de qualit\u00e9 aux r\u00e8gles d'Amazon FBA, ils ont tout g\u00e9r\u00e9 \u00e0 la perfection. Je les recommande vivement !\u201d<\/em><\/p>\n\n\n\n<h2 class=\"wp-block-heading\" id=\"conclusion\"><strong>Conclusion<\/strong><\/h2>\n\n\n\n<p>Si vous \u00eates un <strong>Vendeur Amazon FBA<\/strong> qui cherchent \u00e0 importer de Chine des produits \u00e9lectroniques, des accessoires ou tout autre produit de marque priv\u00e9e, <strong>Le simoosourcing change la donne<\/strong>. Leur service complet - de la recherche de fournisseurs \u00e0 la livraison \u00e0 la porte d'Amazon - \u00e9limine tout le stress et l'incertitude du commerce international.<\/p>\n\n\n\n<p>Alors, avant de passer votre prochaine commande, <strong>lisez ce commentaire avant d'acheter<\/strong>, Si vous avez besoin de plus d'informations sur votre entreprise, n'h\u00e9sitez pas \u00e0 faire appel \u00e0 Simoosourcing pour rationaliser votre processus et faire \u00e9voluer votre marque plus rapidement.<\/p>\n\n\n\n<h2 class=\"wp-block-heading\" id=\"fa-qs-about-amazon-fba\"><strong>FAQ<\/strong> \u00c0 propos d'Amazon Fba<\/h2>\n\n\n\n<p><strong>1. Simoosourcing peut-il aider \u00e0 la pr\u00e9paration FBA pour d'autres places de march\u00e9 Amazon ?<\/strong><br>Oui, ils supportent Amazon US, UK, DE, CA, et plus encore. Ils connaissent les r\u00e8gles FBA au niveau mondial.<\/p>\n\n\n\n<p><strong>2. Fonctionnent-ils uniquement avec l'\u00e9lectronique ?<\/strong><br>Non ! Ils fournissent tout, des v\u00eatements aux articles pour la maison, en passant par les produits pour animaux et les outils.<\/p>\n\n\n\n<p><strong>3. Quelle est leur structure tarifaire ?<\/strong><br>Simoosourcing facture des frais de service transparents bas\u00e9s sur la valeur de la commande. Pas de frais cach\u00e9s.<\/p>\n\n\n\n<p><strong>4. En combien de temps puis-je recevoir des produits dans un centre Amazon FBA ?<\/strong><br>Le d\u00e9lai d'ex\u00e9cution typique est de 25 \u00e0 40 jours, en fonction de la complexit\u00e9 du produit et de la m\u00e9thode d'exp\u00e9dition.<\/p>\n\n\n\n<p><strong>5. Proposent-ils des contr\u00f4les de qualit\u00e9 ?<\/strong><br>Absolument. Chaque commande fait l'objet d'un processus de contr\u00f4le de qualit\u00e9 approfondi bas\u00e9 sur vos crit\u00e8res.<\/p>","protected":false},"excerpt":{"rendered":"<p>Managing an Amazon FBA business is no small feat\u2014especially when it comes to sourcing products from overseas, handling quality inspections, and ensuring smooth delivery to Amazon warehouses. One misstep can cost a seller time, money, and negative reviews. That\u2019s exactly why smart Amazon sellers are turning to professional sourcing agents in China like Simoosourcing. In&#8230;<\/p>","protected":false},"author":1,"featured_media":1013,"parent":0,"menu_order":0,"comment_status":"closed","ping_status":"closed","template":"","meta":{"_kad_post_transparent":"","_kad_post_title":"","_kad_post_layout":"","_kad_post_sidebar_id":"","_kad_post_content_style":"","_kad_post_vertical_padding":"","_kad_post_feature":"","_kad_post_feature_position":"","_kad_post_header":false,"_kad_post_footer":false,"_kad_post_classname":"","footnotes":""},"class_list":["post-1011","page","type-page","status-publish","has-post-thumbnail","hentry"],"_links":{"self":[{"href":"https:\/\/www.simoosourcing.com\/fr\/wp-json\/wp\/v2\/pages\/1011","targetHints":{"allow":["GET"]}}],"collection":[{"href":"https:\/\/www.simoosourcing.com\/fr\/wp-json\/wp\/v2\/pages"}],"about":[{"href":"https:\/\/www.simoosourcing.com\/fr\/wp-json\/wp\/v2\/types\/page"}],"author":[{"embeddable":true,"href":"https:\/\/www.simoosourcing.com\/fr\/wp-json\/wp\/v2\/users\/1"}],"replies":[{"embeddable":true,"href":"https:\/\/www.simoosourcing.com\/fr\/wp-json\/wp\/v2\/comments?post=1011"}],"version-history":[{"count":2,"href":"https:\/\/www.simoosourcing.com\/fr\/wp-json\/wp\/v2\/pages\/1011\/revisions"}],"predecessor-version":[{"id":1015,"href":"https:\/\/www.simoosourcing.com\/fr\/wp-json\/wp\/v2\/pages\/1011\/revisions\/1015"}],"wp:featuredmedia":[{"embeddable":true,"href":"https:\/\/www.simoosourcing.com\/fr\/wp-json\/wp\/v2\/media\/1013"}],"wp:attachment":[{"href":"https:\/\/www.simoosourcing.com\/fr\/wp-json\/wp\/v2\/media?parent=1011"}],"curies":[{"name":"wp","href":"https:\/\/api.w.org\/{rel}","templated":true}]}}