{"id":15,"date":"2025-05-12T16:07:05","date_gmt":"2025-05-12T16:07:05","guid":{"rendered":"https:\/\/www.simoosourcing.com\/?page_id=15"},"modified":"2025-05-20T19:14:34","modified_gmt":"2025-05-20T19:14:34","slug":"case-studies","status":"publish","type":"page","link":"https:\/\/www.simoosourcing.com\/fr\/case-studies\/","title":{"rendered":"Cas"},"content":{"rendered":"<div data-elementor-type=\"wp-page\" data-elementor-id=\"15\" class=\"elementor elementor-15\">\n\t\t\t\t<div class=\"elementor-element elementor-element-61fb155d e-flex e-con-boxed e-con e-parent\" data-id=\"61fb155d\" data-element_type=\"container\" data-settings=\"{&quot;background_background&quot;:&quot;classic&quot;}\">\n\t\t\t\t\t<div class=\"e-con-inner\">\n\t\t\t\t<div class=\"elementor-element elementor-element-583aa1df elementor-widget elementor-widget-elementskit-heading\" data-id=\"583aa1df\" data-element_type=\"widget\" data-widget_type=\"elementskit-heading.default\">\n\t\t\t\t<div class=\"elementor-widget-container\">\n\t\t\t\t\t<div class=\"ekit-wid-con\" ><div class=\"ekit-heading elementskit-section-title-wraper text_center   ekit_heading_tablet-   ekit_heading_mobile-\">\t\t\t\t<span class='ekit-heading__shadow-text'>\n\t\t\t\t\tSimooSourcing\t\t\t\t<\/span>\n\t\t\t<h2 class=\"ekit-heading--title elementskit-section-title\">Personnaliser les produits pour nos clients <\/h2>\t\t\t\t<div class='ekit-heading__description'>\n\t\t\t\t\t<p>Nous avons personnalis\u00e9 avec succ\u00e8s de nombreux types de produits pour nos clients r\u00e9guliers, qui ont \u00e9t\u00e9 tr\u00e8s satisfaits de la qualit\u00e9 de l'ex\u00e9cution et de l'attention port\u00e9e aux d\u00e9tails.<\/p>\n\t\t\t\t<\/div>\n\t\t\t<\/div><\/div>\t\t\t\t<\/div>\n\t\t\t\t<\/div>\n\t\t\t\t<div class=\"elementor-element elementor-element-2212face ekit-image-accordion-hover elementor-widget__width-inherit ekit-image-accordion-horizontal elementor-widget elementor-widget-elementskit-image-accordion\" data-id=\"2212face\" data-element_type=\"widget\" data-widget_type=\"elementskit-image-accordion.default\">\n\t\t\t\t<div class=\"elementor-widget-container\">\n\t\t\t\t\t<div class=\"ekit-wid-con\" >\t\t<div class=\"ekit-image-accordion elementskit-image-accordion-wraper\">\n\t\t\t                <input type=\"radio\" name=\"ekit_ia_2212face\" id=\"ekit_ia_2212face_0\" class=\"elementskit-single-image-accordion--input\" hidden>\n                <label for=\"ekit_ia_2212face_0\" class=\"elementskit-single-image-accordion ekit-image-accordion-item\" style=\"background-image: url(https:\/\/www.simoosourcing.com\/wp-content\/uploads\/2025\/05\/Screen-Shot-2025-05-21-at-02.56.59.png)\">\n                    <span class=\"elementskit-accordion-content\">\n\t\t\t\t\t\t\t\t\t\t\t\t\t<span class=\"elementskit-accordion-title-wraper\">\n\t\t\t\t\t\t\t\t<span class=\"elementskit-accordion-title\">\n\t\t\t\t\t\t\t\t\n\t\t\t\t\t\t\t\tC\u00e2ble de charge super rapide RBR 240W\n\t\t\t\t\t\t\t\t\t\t\t\t\t\t\t\t<\/span>\n\t\t\t\t\t\t\t<\/span>\n\t\t\t\t\t\t\t                    <\/span>\n                <\/label>\n                            <input type=\"radio\" name=\"ekit_ia_2212face\" id=\"ekit_ia_2212face_1\" class=\"elementskit-single-image-accordion--input\" hidden>\n                <label for=\"ekit_ia_2212face_1\" class=\"elementskit-single-image-accordion ekit-image-accordion-item\" style=\"background-image: url(https:\/\/www.simoosourcing.com\/wp-content\/uploads\/2025\/05\/Screen-Shot-2025-05-21-at-03.00.54.png)\">\n                    <span class=\"elementskit-accordion-content\">\n\t\t\t\t\t\t\t\t\t\t\t\t\t<span class=\"elementskit-accordion-title-wraper\">\n\t\t\t\t\t\t\t\t<span class=\"elementskit-accordion-title\">\n\t\t\t\t\t\t\t\t\n\t\t\t\t\t\t\t\tFibre de verre\n\t\t\t\t\t\t\t\t\t\t\t\t\t\t\t\t<\/span>\n\t\t\t\t\t\t\t<\/span>\n\t\t\t\t\t\t\t                    <\/span>\n                <\/label>\n                            <input type=\"radio\" name=\"ekit_ia_2212face\" id=\"ekit_ia_2212face_2\" class=\"elementskit-single-image-accordion--input\" checked=\"checked\" hidden>\n                <label for=\"ekit_ia_2212face_2\" class=\"elementskit-single-image-accordion ekit-image-accordion-item\" style=\"background-image: url(https:\/\/www.simoosourcing.com\/wp-content\/uploads\/2025\/05\/Screen-Shot-2025-05-21-at-03.07.42.png)\">\n                    <span class=\"elementskit-accordion-content\">\n\t\t\t\t\t\t\t\t\t\t\t\t\t<span class=\"elementskit-accordion-title-wraper\">\n\t\t\t\t\t\t\t\t<span class=\"elementskit-accordion-title\">\n\t\t\t\t\t\t\t\t\n\t\t\t\t\t\t\t\tEau en bouteille\n\t\t\t\t\t\t\t\t\t\t\t\t\t\t\t\t<\/span>\n\t\t\t\t\t\t\t<\/span>\n\t\t\t\t\t\t\t                    <\/span>\n                <\/label>\n                            <input type=\"radio\" name=\"ekit_ia_2212face\" id=\"ekit_ia_2212face_3\" class=\"elementskit-single-image-accordion--input\" hidden>\n                <label for=\"ekit_ia_2212face_3\" class=\"elementskit-single-image-accordion ekit-image-accordion-item\" style=\"background-image: url(https:\/\/www.simoosourcing.com\/wp-content\/uploads\/2025\/05\/Screen-Shot-2025-05-21-at-03.06.04.png)\">\n                    <span class=\"elementskit-accordion-content\">\n\t\t\t\t\t\t\t\t\t\t\t\t\t<span class=\"elementskit-accordion-title-wraper\">\n\t\t\t\t\t\t\t\t<span class=\"elementskit-accordion-title\">\n\t\t\t\t\t\t\t\t\n\t\t\t\t\t\t\t\tSac \u00e0 main\n\t\t\t\t\t\t\t\t\t\t\t\t\t\t\t\t<\/span>\n\t\t\t\t\t\t\t<\/span>\n\t\t\t\t\t\t\t                    <\/span>\n                <\/label>\n                    <\/div>\n    <\/div>\t\t\t\t<\/div>\n\t\t\t\t<\/div>\n\t\t\t\t\t<\/div>\n\t\t\t\t<\/div>\n\t\t<div class=\"elementor-element elementor-element-505c0d69 e-flex e-con-boxed e-con e-parent\" data-id=\"505c0d69\" data-element_type=\"container\" id=\"xs_client_4\" data-settings=\"{&quot;background_background&quot;:&quot;classic&quot;}\">\n\t\t\t\t\t<div class=\"e-con-inner\">\n\t\t\t\t<div class=\"elementor-element elementor-element-168b1a73 elementor-widget elementor-widget-elementskit-heading\" data-id=\"168b1a73\" data-element_type=\"widget\" data-widget_type=\"elementskit-heading.default\">\n\t\t\t\t<div class=\"elementor-widget-container\">\n\t\t\t\t\t<div class=\"ekit-wid-con\" ><div class=\"ekit-heading elementskit-section-title-wraper center   ekit_heading_tablet-   ekit_heading_mobile-\"><h2 class=\"ekit-heading--title elementskit-section-title\">En vedette<\/h2><\/div><\/div>\t\t\t\t<\/div>\n\t\t\t\t<\/div>\n\t\t\t\t<div class=\"elementor-element elementor-element-30c2a331 elementor-widget elementor-widget-elementskit-client-logo\" data-id=\"30c2a331\" data-element_type=\"widget\" data-widget_type=\"elementskit-client-logo.default\">\n\t\t\t\t<div class=\"elementor-widget-container\">\n\t\t\t\t\t<div class=\"ekit-wid-con\" >\t\t<div class=\"elementskit-clients-slider slider-dotted arrow_inside dot_dotted hover_from_bottom banner_logo_image\" data-config=\"{&quot;rtl&quot;:true,&quot;arrows&quot;:true,&quot;dots&quot;:true,&quot;autoplay&quot;:true,&quot;speed&quot;:1000,&quot;slidesPerView&quot;:4,&quot;slidesPerGroup&quot;:1,&quot;pauseOnHover&quot;:true,&quot;loop&quot;:true,&quot;breakpoints&quot;:{&quot;320&quot;:{&quot;slidesPerView&quot;:1,&quot;slidesPerGroup&quot;:1,&quot;spaceBetween&quot;:10},&quot;768&quot;:{&quot;slidesPerView&quot;:2,&quot;slidesPerGroup&quot;:1,&quot;spaceBetween&quot;:10},&quot;1024&quot;:{&quot;slidesPerView&quot;:4,&quot;slidesPerGroup&quot;:1,&quot;spaceBetween&quot;:15}}}\" data-direction=\"hover_from_bottom\">\n\t\t\t<div class=\"ekit-main-swiper swiper\">\n\t\t\t\t<div class=\"swiper-wrapper\">\n\t\t\t\t\t\t\t\t\t\t\t<div class=\"elementskit-client-slider-item swiper-slide\">\n\t\t\t\t\t\t\t<div class=\"swiper-slide-inner\">\n\t\t\t\t\t\t\t\t<div class=\"single-client image-switcher\" title=\"alibaba\">\n\t\t\t\t\t\t\t\t\t\t\t\t\t\t\t\t\t\t\t<div class=\"content-image\">\n\t\t\t\t\t\t\t\t\t\t\t<img decoding=\"async\" width=\"200\" height=\"69\" src=\"https:\/\/www.simoosourcing.com\/wp-content\/uploads\/2025\/05\/alibaba.webp\" class=\"main-image\" alt=\"alibaba\" \/><img decoding=\"async\" width=\"200\" height=\"69\" src=\"https:\/\/www.simoosourcing.com\/wp-content\/uploads\/2025\/05\/alibaba.webp\" class=\"hover-image\" alt=\"alibaba\" \/>\t\t\t\t\t\t\t\t\t\t<\/div>\n\t\t\t\t\t\t\t\t\t\t\t\t\t\t\t\t\t<\/div>\n\t\t\t\t\t\t\t<\/div>\n\t\t\t\t\t\t<\/div>\n\t\t\t\t\t\t\t\t\t\t\t<div class=\"elementskit-client-slider-item swiper-slide\">\n\t\t\t\t\t\t\t<div class=\"swiper-slide-inner\">\n\t\t\t\t\t\t\t\t<div class=\"single-client image-switcher\" title=\"made-in-china\">\n\t\t\t\t\t\t\t\t\t\t\t\t\t\t\t\t\t\t\t<div class=\"content-image\">\n\t\t\t\t\t\t\t\t\t\t\t<img decoding=\"async\" width=\"220\" height=\"89\" src=\"https:\/\/www.simoosourcing.com\/wp-content\/uploads\/2025\/05\/made-in-china.webp\" class=\"main-image\" alt=\"made-in-china\" \/><img loading=\"lazy\" decoding=\"async\" width=\"220\" height=\"89\" src=\"https:\/\/www.simoosourcing.com\/wp-content\/uploads\/2025\/05\/made-in-china.webp\" class=\"hover-image\" alt=\"made-in-china\" \/>\t\t\t\t\t\t\t\t\t\t<\/div>\n\t\t\t\t\t\t\t\t\t\t\t\t\t\t\t\t\t<\/div>\n\t\t\t\t\t\t\t<\/div>\n\t\t\t\t\t\t<\/div>\n\t\t\t\t\t\t\t\t\t\t\t<div class=\"elementskit-client-slider-item swiper-slide\">\n\t\t\t\t\t\t\t<div class=\"swiper-slide-inner\">\n\t\t\t\t\t\t\t\t<div class=\"single-client image-switcher\" title=\"Titre #3\">\n\t\t\t\t\t\t\t\t\t\t\t\t\t\t\t\t\t\t\t<div class=\"content-image\">\n\t\t\t\t\t\t\t\t\t\t\t<img loading=\"lazy\" decoding=\"async\" width=\"220\" height=\"89\" src=\"https:\/\/www.simoosourcing.com\/wp-content\/uploads\/2025\/05\/aliexpress.webp\" class=\"main-image\" alt=\"aliexpress\" \/><img loading=\"lazy\" decoding=\"async\" width=\"220\" height=\"89\" src=\"https:\/\/www.simoosourcing.com\/wp-content\/uploads\/2025\/05\/aliexpress.webp\" class=\"hover-image\" alt=\"aliexpress\" \/>\t\t\t\t\t\t\t\t\t\t<\/div>\n\t\t\t\t\t\t\t\t\t\t\t\t\t\t\t\t\t<\/div>\n\t\t\t\t\t\t\t<\/div>\n\t\t\t\t\t\t<\/div>\n\t\t\t\t\t\t\t\t\t\t\t<div class=\"elementskit-client-slider-item swiper-slide\">\n\t\t\t\t\t\t\t<div class=\"swiper-slide-inner\">\n\t\t\t\t\t\t\t\t<div class=\"single-client image-switcher\" title=\"Titre #4\">\n\t\t\t\t\t\t\t\t\t\t\t\t\t\t\t\t\t\t\t<div class=\"content-image\">\n\t\t\t\t\t\t\t\t\t\t\t<img loading=\"lazy\" decoding=\"async\" width=\"220\" height=\"89\" src=\"https:\/\/www.simoosourcing.com\/wp-content\/uploads\/2025\/05\/global-sources.webp\" class=\"main-image\" alt=\"global sources\" \/><img loading=\"lazy\" decoding=\"async\" width=\"220\" height=\"89\" src=\"https:\/\/www.simoosourcing.com\/wp-content\/uploads\/2025\/05\/global-sources.webp\" class=\"hover-image\" alt=\"global sources\" \/>\t\t\t\t\t\t\t\t\t\t<\/div>\n\t\t\t\t\t\t\t\t\t\t\t\t\t\t\t\t\t<\/div>\n\t\t\t\t\t\t\t<\/div>\n\t\t\t\t\t\t<\/div>\n\t\t\t\t\t\t\t\t\t<\/div>\n\n\t\t\t\t\t\t\t\t\t<div class=\"swiper-pagination\"><\/div>\n\t\t\t\t\n\t\t\t\t\t\t\t\t\t<div class=\"swiper-navigation-button swiper-button-prev\">\n\t\t\t\t\t\t<i aria-hidden=\"true\" class=\"icon icon-left-arrow\"><\/i>\t\t\t\t\t<\/div>\n\t\t\t\t\t<div class=\"swiper-navigation-button swiper-button-next\">\n\t\t\t\t\t\t<i aria-hidden=\"true\" class=\"icon icon-arrow-right\"><\/i>\t\t\t\t\t<\/div>\n\t\t\t\t\t\t\t<\/div><!-- .elementskit-clients-slider END -->\n\t\t<\/div>\n\t\t<\/div>\t\t\t\t<\/div>\n\t\t\t\t<\/div>\n\t\t\t\t\t<\/div>\n\t\t\t\t<\/div>\n\t\t<div class=\"elementor-element elementor-element-6ce58a46 e-flex e-con-boxed e-con e-parent\" data-id=\"6ce58a46\" data-element_type=\"container\">\n\t\t\t\t\t<div class=\"e-con-inner\">\n\t\t\t\t<div class=\"elementor-element elementor-element-53492f4c elementor-widget elementor-widget-contentviews_widget_grid1\" data-id=\"53492f4c\" data-element_type=\"widget\" data-widget_type=\"contentviews_widget_grid1.default\">\n\t\t\t\t<div class=\"elementor-widget-container\">\n\t\t\t\t\t<div class='pt-cv-wrapper'> <h1 class='pt-cv-heading-container heading1' data-blockid='53492f4c'><span class='pt-cv-heading'> Connaissances en mati\u00e8re de d\u00e9veloppement des sources d'approvisionnement <\/span><\/h1><div class=\"pt-cv-view pt-cv-blockgrid iscvblock iscvelementor grid1 layout1\" id=\"pt-cv-view-53492f4c\"><div data-id=\"pt-cv-page-1\" class=\"pt-cv-page\" data-cvc=\"1\"><div class=\"pt-cv-content-item pt-cv-1-col\" ><div class=\"pt-cv-thumb-wrapper\"><a href=\"https:\/\/www.simoosourcing.com\/fr\/what-are-lcl-and-fcl-complete-guide\/\" class=\"_self pt-cv-href-thumbnail pt-cv-thumb-default\" target=\"_self\" ><img loading=\"lazy\" decoding=\"async\" width=\"1024\" height=\"735\" src=\"https:\/\/www.simoosourcing.com\/wp-content\/uploads\/2025\/12\/Screen-Shot-2025-12-09-at-21.53.59-1024x735.png\" class=\"pt-cv-thumbnail\" alt=\"fcl\" \/><\/a><\/div>\n<h4 class=\"pt-cv-title\"><a href=\"https:\/\/www.simoosourcing.com\/fr\/what-are-lcl-and-fcl-complete-guide\/\" class=\"_self\" target=\"_self\" >Que sont les LCL et les FCL ? Guide complet<\/a><\/h4>\n<div class=\"pt-cv-content\">Si vous vous lancez dans le monde du transport maritime international, les termes FCL et LCL sont deux des premi\u00e8res choses ...<\/div>\n<div class=\"pt-cv-rmwrap\"><a href=\"https:\/\/www.simoosourcing.com\/fr\/what-are-lcl-and-fcl-complete-guide\/\" class=\"_self pt-cv-readmore btn btn-success\" target=\"_self\" >Lire la suite<\/a><\/div><\/div>\n<div class=\"pt-cv-content-item pt-cv-1-col\" ><div class=\"pt-cv-thumb-wrapper\"><a href=\"https:\/\/www.simoosourcing.com\/fr\/fishing-rod-materials\/\" class=\"_self pt-cv-href-thumbnail pt-cv-thumb-default\" target=\"_self\" ><img loading=\"lazy\" decoding=\"async\" width=\"800\" height=\"800\" src=\"https:\/\/www.simoosourcing.com\/wp-content\/uploads\/2025\/12\/fishing-rod-materials.jpeg\" class=\"pt-cv-thumbnail\" alt=\"fishing-rod-materials\" \/><\/a><\/div>\n<h4 class=\"pt-cv-title\"><a href=\"https:\/\/www.simoosourcing.com\/fr\/fishing-rod-materials\/\" class=\"_self\" target=\"_self\" >Mat\u00e9riaux des cannes \u00e0 p\u00eache - Guide complet de la construction des cannes \u00e0 p\u00eache modernes<\/a><\/h4>\n<div class=\"pt-cv-content\">Les cannes \u00e0 p\u00eache peuvent sembler simples en apparence, mais la magie de leur fonctionnement r\u00e9side au plus profond de leurs mat\u00e9riaux ...<\/div>\n<div class=\"pt-cv-rmwrap\"><a href=\"https:\/\/www.simoosourcing.com\/fr\/fishing-rod-materials\/\" class=\"_self pt-cv-readmore btn btn-success\" target=\"_self\" >Lire la suite<\/a><\/div><\/div>\n<div class=\"pt-cv-content-item pt-cv-1-col\" ><div class=\"pt-cv-thumb-wrapper\"><a href=\"https:\/\/www.simoosourcing.com\/fr\/7-common-types-of-plastic-bottles\/\" class=\"_self pt-cv-href-thumbnail pt-cv-thumb-default\" target=\"_self\" ><img loading=\"lazy\" decoding=\"async\" width=\"1024\" height=\"683\" src=\"https:\/\/www.simoosourcing.com\/wp-content\/uploads\/2025\/12\/Screen-Shot-2025-12-04-at-13.23.34-1024x683.png\" class=\"pt-cv-thumbnail\" alt=\"Plastic Bottles\" \/><\/a><\/div>\n<h4 class=\"pt-cv-title\"><a href=\"https:\/\/www.simoosourcing.com\/fr\/7-common-types-of-plastic-bottles\/\" class=\"_self\" target=\"_self\" >Les 7 meilleurs types de bouteilles en plastique : Propri\u00e9t\u00e9s, utilisations, s\u00e9curit\u00e9 et recyclage<\/a><\/h4>\n<div class=\"pt-cv-content\">Les bouteilles en plastique sont partout : sur les \u00e9tag\u00e8res des magasins, dans nos r\u00e9frig\u00e9rateurs, dans les bacs de recyclage et, malheureusement, m\u00eame dans les oc\u00e9ans et les d\u00e9charges ...<\/div>\n<div class=\"pt-cv-rmwrap\"><a href=\"https:\/\/www.simoosourcing.com\/fr\/7-common-types-of-plastic-bottles\/\" class=\"_self pt-cv-readmore btn btn-success\" target=\"_self\" >Lire la suite<\/a><\/div><\/div><\/div><\/div> <\/div> \t\t\t\t<\/div>\n\t\t\t\t<\/div>\n\t\t\t\t\t<\/div>\n\t\t\t\t<\/div>\n\t\t\t\t<\/div>","protected":false},"excerpt":{"rendered":"<p>SimooSourcing Customize Products For Our Customers We successfully customized many kinds of products for our regular clients, who were highly satisfied with the craftsmanship and attention to details. RBR 240W Super Fast&#8230;<\/p>","protected":false},"author":1,"featured_media":0,"parent":0,"menu_order":0,"comment_status":"closed","ping_status":"closed","template":"","meta":{"_kad_post_transparent":"","_kad_post_title":"hide","_kad_post_layout":"fullwidth","_kad_post_sidebar_id":"","_kad_post_content_style":"unboxed","_kad_post_vertical_padding":"hide","_kad_post_feature":"hide","_kad_post_feature_position":"","_kad_post_header":false,"_kad_post_footer":false,"_kad_post_classname":"","footnotes":""},"class_list":["post-15","page","type-page","status-publish","hentry"],"_links":{"self":[{"href":"https:\/\/www.simoosourcing.com\/fr\/wp-json\/wp\/v2\/pages\/15","targetHints":{"allow":["GET"]}}],"collection":[{"href":"https:\/\/www.simoosourcing.com\/fr\/wp-json\/wp\/v2\/pages"}],"about":[{"href":"https:\/\/www.simoosourcing.com\/fr\/wp-json\/wp\/v2\/types\/page"}],"author":[{"embeddable":true,"href":"https:\/\/www.simoosourcing.com\/fr\/wp-json\/wp\/v2\/users\/1"}],"replies":[{"embeddable":true,"href":"https:\/\/www.simoosourcing.com\/fr\/wp-json\/wp\/v2\/comments?post=15"}],"version-history":[{"count":13,"href":"https:\/\/www.simoosourcing.com\/fr\/wp-json\/wp\/v2\/pages\/15\/revisions"}],"predecessor-version":[{"id":501,"href":"https:\/\/www.simoosourcing.com\/fr\/wp-json\/wp\/v2\/pages\/15\/revisions\/501"}],"wp:attachment":[{"href":"https:\/\/www.simoosourcing.com\/fr\/wp-json\/wp\/v2\/media?parent=15"}],"curies":[{"name":"wp","href":"https:\/\/api.w.org\/{rel}","templated":true}]}}